{"id":115,"date":"2024-06-03T22:08:30","date_gmt":"2024-06-03T22:08:30","guid":{"rendered":"https:\/\/guldbajerklubben.dk\/?page_id=115"},"modified":"2024-06-12T09:18:31","modified_gmt":"2024-06-12T09:18:31","slug":"optagelsesritual","status":"publish","type":"page","link":"https:\/\/guldbajerklubben.dk\/index.php\/optagelsesritual\/","title":{"rendered":"Optagelsesritual"},"content":{"rendered":"\t\t<div data-elementor-type=\"wp-page\" data-elementor-id=\"115\" class=\"elementor elementor-115\">\n\t\t\t\t<div class=\"elementor-element elementor-element-11d3dd9 e-flex e-con-boxed e-con e-parent\" data-id=\"11d3dd9\" data-element_type=\"container\" data-e-type=\"container\">\n\t\t\t\t\t<div class=\"e-con-inner\">\n\t\t\t\t<div class=\"elementor-element elementor-element-f69dd05 elementor-widget elementor-widget-heading\" data-id=\"f69dd05\" data-element_type=\"widget\" data-e-type=\"widget\" data-widget_type=\"heading.default\">\n\t\t\t\t<div class=\"elementor-widget-container\">\n\t\t\t\t\t<h2 class=\"elementor-heading-title elementor-size-default\">Optagelse i Guldbajerklubben<\/h2>\t\t\t\t<\/div>\n\t\t\t\t<\/div>\n\t\t\t\t<div class=\"elementor-element elementor-element-dec86d3 elementor-widget elementor-widget-text-editor\" data-id=\"dec86d3\" data-element_type=\"widget\" data-e-type=\"widget\" data-widget_type=\"text-editor.default\">\n\t\t\t\t<div class=\"elementor-widget-container\">\n\t\t\t\t\t\t\t\t\t<h5><em>Uegnet for b\u00f8rn under 18<\/em> \u00e5r!<\/h5><h4>( Optagelse er lukket )\u00a0<\/h4>\t\t\t\t\t\t\t\t<\/div>\n\t\t\t\t<\/div>\n\t\t\t\t<div class=\"elementor-element elementor-element-1683d02 elementor-widget elementor-widget-text-editor\" data-id=\"1683d02\" data-element_type=\"widget\" data-e-type=\"widget\" data-widget_type=\"text-editor.default\">\n\t\t\t\t<div class=\"elementor-widget-container\">\n\t\t\t\t\t\t\t\t\t<div class=\"flex-shrink-0 flex flex-col relative items-end\"><div><div class=\"pt-0.5 juice:pt-0\"><div class=\"gizmo-bot-avatar flex h-6 w-6 items-center justify-center overflow-hidden rounded-full juice:h-8 juice:w-8\"><strong>Optagelseskrav:<\/strong><\/div><\/div><\/div><\/div><div class=\"group\/conversation-turn relative flex w-full min-w-0 flex-col agent-turn\"><div class=\"flex-col gap-1 md:gap-3\"><div class=\"flex flex-grow flex-col max-w-full\"><div class=\"min-h-[20px] text-message flex flex-col items-start whitespace-pre-wrap break-words [.text-message+&amp;]:mt-5 juice:w-full juice:items-end overflow-x-auto gap-2\" dir=\"auto\" data-message-author-role=\"assistant\" data-message-id=\"9cdad13e-30b7-492a-84ba-e6a0b35fb11f\"><div class=\"flex w-full flex-col gap-1 juice:empty:hidden juice:first:pt-[3px]\"><div class=\"markdown prose w-full break-words dark:prose-invert light\"><h4>For at blive optaget, skal du gennemf\u00f8re f\u00f8lgende udfordring:<\/h4><ol><li><h4><strong>Drik 15 Guldbajer:<\/strong><\/h4><ul><li><h4>Indtag 15 almindelige Guldbajer (33 cl hver) inden for en tidsramme p\u00e5 ca.3 timer.<\/h4><\/li><\/ul><\/li><li><h4><strong>Forbliv v\u00e5gen:<\/strong><\/h4><ul><li><h4>Du m\u00e5 ikke falde i s\u00f8vn under hele udfordringen og i mindst 1 time efter, du har drukket den sidste Guldbajer.<\/h4><\/li><\/ul><\/li><li><h4><strong>Ingen opkast:<\/strong><\/h4><ul><li><h4>Du m\u00e5 ikke kaste op under udfordringen eller inden for 1 time efter, du har drukket den sidste Guldbajer.<\/h4><\/li><\/ul><\/li><li><h4><strong>Ingen uheld:<\/strong><\/h4><ul><li><h4>Du m\u00e5 ikke skide i bukserne under udfordringen eller inden for 1 time efter, du har drukket den sidste Guldbajer.<\/h4><\/li><\/ul><\/li><li><div><h4><strong>Ingen toiletbes\u00f8g:<\/strong><\/h4><ul><li><h4>Du m\u00e5 ikke tisse under hele udfordringen og i mindst 1 time efter, du har drukket den sidste Guldbajer.<\/h4><\/li><\/ul><\/div><\/li><\/ol><h4><strong>S\u00e6rlige betingelser:<\/strong><\/h4><ul><li><h4><strong>Voksenbleer:<\/strong><\/h4><ul><li><h4>Du kan k\u00f8be og bruge voksenbleer, som kan k\u00f8bes i Kvickly, for at undg\u00e5 eventuelle uheld.<\/h4><\/li><\/ul><\/li><li><h4><strong>Lugtgener:<\/strong><\/h4><ul><li><h4>Der m\u00e5 ikke v\u00e6re lugtgener i Knepje. Dette betyder, at selvom du bruger voksenbleer, m\u00e5 der ikke v\u00e6re nogen form for ubehagelig lugt, der kan genere andre.<\/h4><\/li><\/ul><\/li><\/ul><h4><strong>Regler:<\/strong><\/h4><ul><li><h4>En observat\u00f8r vil v\u00e6re til stede for at sikre, at reglerne overholdes.<\/h4><\/li><li><h4>Snyd resulterer i \u00f8jeblikkelig diskvalifikation.<\/h4><\/li><li><h4>Sikkerhed er vigtig: Hvis du p\u00e5 noget tidspunkt f\u00f8ler dig utilpas, b\u00f8r du straks stoppe og s\u00f8ge hj\u00e6lp.<\/h4><\/li><\/ul><h4><strong>Advarsel:<\/strong> Denne udfordring er ekstremt risikabel og kan have alvorlige helbredsm\u00e6ssige konsekvenser. Deltagelse sker p\u00e5 eget ansvar, og det er vigtigt at overveje risikoen n\u00f8je, f\u00f8r du beslutter dig for at deltage. Vi fral\u00e6gger os ethvert ansvar for skader eller helbredsproblemer, der m\u00e5tte opst\u00e5 som f\u00f8lge af deltagelse.<\/h4><\/div><\/div><\/div><\/div><\/div><\/div>\t\t\t\t\t\t\t\t<\/div>\n\t\t\t\t<\/div>\n\t\t\t\t\t<\/div>\n\t\t\t\t<\/div>\n\t\t<div class=\"elementor-element elementor-element-1707509 e-flex e-con-boxed e-con e-parent\" data-id=\"1707509\" data-element_type=\"container\" data-e-type=\"container\">\n\t\t\t\t\t<div class=\"e-con-inner\">\n\t\t\t\t<div class=\"elementor-element elementor-element-90a472c elementor-arrows-position-inside elementor-pagination-position-outside elementor-widget elementor-widget-image-carousel\" data-id=\"90a472c\" data-element_type=\"widget\" data-e-type=\"widget\" data-settings=\"{&quot;navigation&quot;:&quot;both&quot;,&quot;autoplay&quot;:&quot;yes&quot;,&quot;pause_on_hover&quot;:&quot;yes&quot;,&quot;pause_on_interaction&quot;:&quot;yes&quot;,&quot;autoplay_speed&quot;:5000,&quot;infinite&quot;:&quot;yes&quot;,&quot;speed&quot;:500}\" data-widget_type=\"image-carousel.default\">\n\t\t\t\t<div class=\"elementor-widget-container\">\n\t\t\t\t\t\t\t<div class=\"elementor-image-carousel-wrapper swiper\" role=\"region\" aria-roledescription=\"carousel\" aria-label=\"Billedkarussel\" dir=\"ltr\">\n\t\t\t<div class=\"elementor-image-carousel swiper-wrapper\" aria-live=\"off\">\n\t\t\t\t\t\t\t\t<div class=\"swiper-slide\" role=\"group\" aria-roledescription=\"slide\" aria-label=\"1 of 2\"><figure class=\"swiper-slide-inner\"><img  title=\"\" decoding=\"async\" class=\"swiper-slide-image\" src=\"https:\/\/guldbajerklubben.dk\/wp-content\/uploads\/2024\/06\/beer2-768x576.jpg\"  alt=\"beer2-768x576 Optagelsesritual\"  \/><\/figure><\/div><div class=\"swiper-slide\" role=\"group\" aria-roledescription=\"slide\" aria-label=\"2 of 2\"><figure class=\"swiper-slide-inner\"><img  title=\"\" decoding=\"async\" class=\"swiper-slide-image\" src=\"https:\/\/guldbajerklubben.dk\/wp-content\/uploads\/2024\/06\/beer1-768x576.jpg\"  alt=\"beer1-768x576 Optagelsesritual\"  \/><\/figure><\/div>\t\t\t<\/div>\n\t\t\t\t\t\t\t\t\t\t\t\t<div class=\"elementor-swiper-button elementor-swiper-button-prev\" role=\"button\" tabindex=\"0\">\n\t\t\t\t\t\t<svg aria-hidden=\"true\" class=\"e-font-icon-svg e-eicon-chevron-left\" viewBox=\"0 0 1000 1000\" xmlns=\"http:\/\/www.w3.org\/2000\/svg\"><path d=\"M646 125C629 125 613 133 604 142L308 442C296 454 292 471 292 487 292 504 296 521 308 533L604 854C617 867 629 875 646 875 663 875 679 871 692 858 704 846 713 829 713 812 713 796 708 779 692 767L438 487 692 225C700 217 708 204 708 187 708 171 704 154 692 142 675 129 663 125 646 125Z\"><\/path><\/svg>\t\t\t\t\t<\/div>\n\t\t\t\t\t<div class=\"elementor-swiper-button elementor-swiper-button-next\" role=\"button\" tabindex=\"0\">\n\t\t\t\t\t\t<svg aria-hidden=\"true\" class=\"e-font-icon-svg e-eicon-chevron-right\" viewBox=\"0 0 1000 1000\" xmlns=\"http:\/\/www.w3.org\/2000\/svg\"><path d=\"M696 533C708 521 713 504 713 487 713 471 708 454 696 446L400 146C388 133 375 125 354 125 338 125 325 129 313 142 300 154 292 171 292 187 292 204 296 221 308 233L563 492 304 771C292 783 288 800 288 817 288 833 296 850 308 863 321 871 338 875 354 875 371 875 388 867 400 854L696 533Z\"><\/path><\/svg>\t\t\t\t\t<\/div>\n\t\t\t\t\n\t\t\t\t\t\t\t\t\t<div class=\"swiper-pagination\"><\/div>\n\t\t\t\t\t\t\t\t\t<\/div>\n\t\t\t\t\t\t<\/div>\n\t\t\t\t<\/div>\n\t\t\t\t\t<\/div>\n\t\t\t\t<\/div>\n\t\t\t\t<\/div>\n\t\t<div class=\"kodex_buttons\" style=\"text-align:left;\"><button type=\"button\" class=\"kodex_button kodex_like_button\" data-id=\"115\" data-action=\"like\">\r\n\t\t\t<span class=\"icon\"><\/span><span class=\"text\">Like<\/span><span class=\"counter\">2<\/span><\/button><input type=\"hidden\" id=\"nonce\" name=\"nonce\" value=\"1693a0c54c\" \/><input type=\"hidden\" name=\"_wp_http_referer\" value=\"\/index.php\/wp-json\/wp\/v2\/pages\/115\" \/><\/div>","protected":false},"excerpt":{"rendered":"<p>Optagelse i Guldbajerklubben Uegnet for b\u00f8rn under 18 \u00e5r! ( Optagelse er lukket )\u00a0 Optagelseskrav: For at blive optaget, skal du gennemf\u00f8re f\u00f8lgende udfordring: Drik 15 Guldbajer: Indtag 15 almindelige Guldbajer (33 cl hver) inden for en tidsramme p\u00e5 ca.3 timer. Forbliv v\u00e5gen: Du m\u00e5 ikke falde i s\u00f8vn under hele udfordringen og i mindst [&hellip;]<\/p>\n","protected":false},"author":1,"featured_media":0,"parent":0,"menu_order":0,"comment_status":"closed","ping_status":"closed","template":"template-fullwidth.php","meta":{"footnotes":""},"class_list":["post-115","page","type-page","status-publish","hentry"],"yoast_head":"<!-- This site is optimized with the Yoast SEO plugin v27.3 - https:\/\/yoast.com\/product\/yoast-seo-wordpress\/ -->\n<title>Optagelsesritual - GuldbajerKlub<\/title>\n<meta name=\"robots\" content=\"index, follow, max-snippet:-1, max-image-preview:large, max-video-preview:-1\" \/>\n<link rel=\"canonical\" href=\"https:\/\/guldbajerklubben.dk\/index.php\/optagelsesritual\/\" \/>\n<meta property=\"og:locale\" content=\"da_DK\" \/>\n<meta property=\"og:type\" content=\"article\" \/>\n<meta property=\"og:title\" content=\"Optagelsesritual - GuldbajerKlub\" \/>\n<meta property=\"og:description\" content=\"Optagelse i Guldbajerklubben Uegnet for b\u00f8rn under 18 \u00e5r! ( Optagelse er lukket )\u00a0 Optagelseskrav: For at blive optaget, skal du gennemf\u00f8re f\u00f8lgende udfordring: Drik 15 Guldbajer: Indtag 15 almindelige Guldbajer (33 cl hver) inden for en tidsramme p\u00e5 ca.3 timer. Forbliv v\u00e5gen: Du m\u00e5 ikke falde i s\u00f8vn under hele udfordringen og i mindst [&hellip;]\" \/>\n<meta property=\"og:url\" content=\"https:\/\/guldbajerklubben.dk\/index.php\/optagelsesritual\/\" \/>\n<meta property=\"og:site_name\" content=\"GuldbajerKlub\" \/>\n<meta property=\"article:modified_time\" content=\"2024-06-12T09:18:31+00:00\" \/>\n<meta property=\"og:image\" content=\"https:\/\/guldbajerklubben.dk\/wp-content\/uploads\/2024\/06\/beer2-768x576.jpg\" \/>\n<meta name=\"twitter:card\" content=\"summary_large_image\" \/>\n<meta name=\"twitter:label1\" content=\"Estimeret l\u00e6setid\" \/>\n\t<meta name=\"twitter:data1\" content=\"4 minutter\" \/>\n<script type=\"application\/ld+json\" class=\"yoast-schema-graph\">{\"@context\":\"https:\\\/\\\/schema.org\",\"@graph\":[{\"@type\":\"WebPage\",\"@id\":\"https:\\\/\\\/guldbajerklubben.dk\\\/index.php\\\/optagelsesritual\\\/\",\"url\":\"https:\\\/\\\/guldbajerklubben.dk\\\/index.php\\\/optagelsesritual\\\/\",\"name\":\"Optagelsesritual - GuldbajerKlub\",\"isPartOf\":{\"@id\":\"https:\\\/\\\/guldbajerklubben.dk\\\/#website\"},\"primaryImageOfPage\":{\"@id\":\"https:\\\/\\\/guldbajerklubben.dk\\\/index.php\\\/optagelsesritual\\\/#primaryimage\"},\"image\":{\"@id\":\"https:\\\/\\\/guldbajerklubben.dk\\\/index.php\\\/optagelsesritual\\\/#primaryimage\"},\"thumbnailUrl\":\"https:\\\/\\\/guldbajerklubben.dk\\\/wp-content\\\/uploads\\\/2024\\\/06\\\/beer2-768x576.jpg\",\"datePublished\":\"2024-06-03T22:08:30+00:00\",\"dateModified\":\"2024-06-12T09:18:31+00:00\",\"breadcrumb\":{\"@id\":\"https:\\\/\\\/guldbajerklubben.dk\\\/index.php\\\/optagelsesritual\\\/#breadcrumb\"},\"inLanguage\":\"da-DK\",\"potentialAction\":[{\"@type\":\"ReadAction\",\"target\":[\"https:\\\/\\\/guldbajerklubben.dk\\\/index.php\\\/optagelsesritual\\\/\"]}]},{\"@type\":\"ImageObject\",\"inLanguage\":\"da-DK\",\"@id\":\"https:\\\/\\\/guldbajerklubben.dk\\\/index.php\\\/optagelsesritual\\\/#primaryimage\",\"url\":\"https:\\\/\\\/guldbajerklubben.dk\\\/wp-content\\\/uploads\\\/2024\\\/06\\\/beer2.jpg\",\"contentUrl\":\"https:\\\/\\\/guldbajerklubben.dk\\\/wp-content\\\/uploads\\\/2024\\\/06\\\/beer2.jpg\",\"width\":1024,\"height\":768},{\"@type\":\"BreadcrumbList\",\"@id\":\"https:\\\/\\\/guldbajerklubben.dk\\\/index.php\\\/optagelsesritual\\\/#breadcrumb\",\"itemListElement\":[{\"@type\":\"ListItem\",\"position\":1,\"name\":\"Hjem\",\"item\":\"https:\\\/\\\/guldbajerklubben.dk\\\/\"},{\"@type\":\"ListItem\",\"position\":2,\"name\":\"Optagelsesritual\"}]},{\"@type\":\"WebSite\",\"@id\":\"https:\\\/\\\/guldbajerklubben.dk\\\/#website\",\"url\":\"https:\\\/\\\/guldbajerklubben.dk\\\/\",\"name\":\"Guldbajerklubben\",\"description\":\"\",\"publisher\":{\"@id\":\"https:\\\/\\\/guldbajerklubben.dk\\\/#organization\"},\"potentialAction\":[{\"@type\":\"SearchAction\",\"target\":{\"@type\":\"EntryPoint\",\"urlTemplate\":\"https:\\\/\\\/guldbajerklubben.dk\\\/?s={search_term_string}\"},\"query-input\":{\"@type\":\"PropertyValueSpecification\",\"valueRequired\":true,\"valueName\":\"search_term_string\"}}],\"inLanguage\":\"da-DK\"},{\"@type\":\"Organization\",\"@id\":\"https:\\\/\\\/guldbajerklubben.dk\\\/#organization\",\"name\":\"Guldbajerklubben\",\"url\":\"https:\\\/\\\/guldbajerklubben.dk\\\/\",\"logo\":{\"@type\":\"ImageObject\",\"inLanguage\":\"da-DK\",\"@id\":\"https:\\\/\\\/guldbajerklubben.dk\\\/#\\\/schema\\\/logo\\\/image\\\/\",\"url\":\"https:\\\/\\\/guldbajerklubben.dk\\\/wp-content\\\/uploads\\\/2024\\\/06\\\/GuldLogo.png\",\"contentUrl\":\"https:\\\/\\\/guldbajerklubben.dk\\\/wp-content\\\/uploads\\\/2024\\\/06\\\/GuldLogo.png\",\"width\":535,\"height\":243,\"caption\":\"Guldbajerklubben\"},\"image\":{\"@id\":\"https:\\\/\\\/guldbajerklubben.dk\\\/#\\\/schema\\\/logo\\\/image\\\/\"}}]}<\/script>\n<!-- \/ Yoast SEO plugin. -->","yoast_head_json":{"title":"Optagelsesritual - GuldbajerKlub","robots":{"index":"index","follow":"follow","max-snippet":"max-snippet:-1","max-image-preview":"max-image-preview:large","max-video-preview":"max-video-preview:-1"},"canonical":"https:\/\/guldbajerklubben.dk\/index.php\/optagelsesritual\/","og_locale":"da_DK","og_type":"article","og_title":"Optagelsesritual - GuldbajerKlub","og_description":"Optagelse i Guldbajerklubben Uegnet for b\u00f8rn under 18 \u00e5r! ( Optagelse er lukket )\u00a0 Optagelseskrav: For at blive optaget, skal du gennemf\u00f8re f\u00f8lgende udfordring: Drik 15 Guldbajer: Indtag 15 almindelige Guldbajer (33 cl hver) inden for en tidsramme p\u00e5 ca.3 timer. Forbliv v\u00e5gen: Du m\u00e5 ikke falde i s\u00f8vn under hele udfordringen og i mindst [&hellip;]","og_url":"https:\/\/guldbajerklubben.dk\/index.php\/optagelsesritual\/","og_site_name":"GuldbajerKlub","article_modified_time":"2024-06-12T09:18:31+00:00","og_image":[{"url":"https:\/\/guldbajerklubben.dk\/wp-content\/uploads\/2024\/06\/beer2-768x576.jpg","type":"","width":"","height":""}],"twitter_card":"summary_large_image","twitter_misc":{"Estimeret l\u00e6setid":"4 minutter"},"schema":{"@context":"https:\/\/schema.org","@graph":[{"@type":"WebPage","@id":"https:\/\/guldbajerklubben.dk\/index.php\/optagelsesritual\/","url":"https:\/\/guldbajerklubben.dk\/index.php\/optagelsesritual\/","name":"Optagelsesritual - GuldbajerKlub","isPartOf":{"@id":"https:\/\/guldbajerklubben.dk\/#website"},"primaryImageOfPage":{"@id":"https:\/\/guldbajerklubben.dk\/index.php\/optagelsesritual\/#primaryimage"},"image":{"@id":"https:\/\/guldbajerklubben.dk\/index.php\/optagelsesritual\/#primaryimage"},"thumbnailUrl":"https:\/\/guldbajerklubben.dk\/wp-content\/uploads\/2024\/06\/beer2-768x576.jpg","datePublished":"2024-06-03T22:08:30+00:00","dateModified":"2024-06-12T09:18:31+00:00","breadcrumb":{"@id":"https:\/\/guldbajerklubben.dk\/index.php\/optagelsesritual\/#breadcrumb"},"inLanguage":"da-DK","potentialAction":[{"@type":"ReadAction","target":["https:\/\/guldbajerklubben.dk\/index.php\/optagelsesritual\/"]}]},{"@type":"ImageObject","inLanguage":"da-DK","@id":"https:\/\/guldbajerklubben.dk\/index.php\/optagelsesritual\/#primaryimage","url":"https:\/\/guldbajerklubben.dk\/wp-content\/uploads\/2024\/06\/beer2.jpg","contentUrl":"https:\/\/guldbajerklubben.dk\/wp-content\/uploads\/2024\/06\/beer2.jpg","width":1024,"height":768},{"@type":"BreadcrumbList","@id":"https:\/\/guldbajerklubben.dk\/index.php\/optagelsesritual\/#breadcrumb","itemListElement":[{"@type":"ListItem","position":1,"name":"Hjem","item":"https:\/\/guldbajerklubben.dk\/"},{"@type":"ListItem","position":2,"name":"Optagelsesritual"}]},{"@type":"WebSite","@id":"https:\/\/guldbajerklubben.dk\/#website","url":"https:\/\/guldbajerklubben.dk\/","name":"Guldbajerklubben","description":"","publisher":{"@id":"https:\/\/guldbajerklubben.dk\/#organization"},"potentialAction":[{"@type":"SearchAction","target":{"@type":"EntryPoint","urlTemplate":"https:\/\/guldbajerklubben.dk\/?s={search_term_string}"},"query-input":{"@type":"PropertyValueSpecification","valueRequired":true,"valueName":"search_term_string"}}],"inLanguage":"da-DK"},{"@type":"Organization","@id":"https:\/\/guldbajerklubben.dk\/#organization","name":"Guldbajerklubben","url":"https:\/\/guldbajerklubben.dk\/","logo":{"@type":"ImageObject","inLanguage":"da-DK","@id":"https:\/\/guldbajerklubben.dk\/#\/schema\/logo\/image\/","url":"https:\/\/guldbajerklubben.dk\/wp-content\/uploads\/2024\/06\/GuldLogo.png","contentUrl":"https:\/\/guldbajerklubben.dk\/wp-content\/uploads\/2024\/06\/GuldLogo.png","width":535,"height":243,"caption":"Guldbajerklubben"},"image":{"@id":"https:\/\/guldbajerklubben.dk\/#\/schema\/logo\/image\/"}}]}},"_links":{"self":[{"href":"https:\/\/guldbajerklubben.dk\/index.php\/wp-json\/wp\/v2\/pages\/115","targetHints":{"allow":["GET"]}}],"collection":[{"href":"https:\/\/guldbajerklubben.dk\/index.php\/wp-json\/wp\/v2\/pages"}],"about":[{"href":"https:\/\/guldbajerklubben.dk\/index.php\/wp-json\/wp\/v2\/types\/page"}],"author":[{"embeddable":true,"href":"https:\/\/guldbajerklubben.dk\/index.php\/wp-json\/wp\/v2\/users\/1"}],"replies":[{"embeddable":true,"href":"https:\/\/guldbajerklubben.dk\/index.php\/wp-json\/wp\/v2\/comments?post=115"}],"version-history":[{"count":34,"href":"https:\/\/guldbajerklubben.dk\/index.php\/wp-json\/wp\/v2\/pages\/115\/revisions"}],"predecessor-version":[{"id":364,"href":"https:\/\/guldbajerklubben.dk\/index.php\/wp-json\/wp\/v2\/pages\/115\/revisions\/364"}],"wp:attachment":[{"href":"https:\/\/guldbajerklubben.dk\/index.php\/wp-json\/wp\/v2\/media?parent=115"}],"curies":[{"name":"wp","href":"https:\/\/api.w.org\/{rel}","templated":true}]}}