{"id":119,"date":"2024-06-03T22:11:05","date_gmt":"2024-06-03T22:11:05","guid":{"rendered":"https:\/\/guldbajerklubben.dk\/?page_id=119"},"modified":"2024-06-12T08:09:58","modified_gmt":"2024-06-12T08:09:58","slug":"stoet","status":"publish","type":"page","link":"https:\/\/guldbajerklubben.dk\/index.php\/stoet\/","title":{"rendered":"Sponsor"},"content":{"rendered":"\n<h2 class=\"wp-block-heading\">St\u00f8t Guldbajerklubben!<\/h2>\n\n\n\n<h3 class=\"wp-block-heading\">Guldbajerklubben er et f\u00e6llesskab, der samler gode mennesker til hyggelige stunder med kolde Guldbajere og masser af grin. For at forts\u00e6tte vores aktiviteter og sikre endnu flere uforglemmelige \u00f8jeblikke, har vi brug for jeres st\u00f8tte!<\/h3>\n\n\n\n<h2 class=\"wp-block-heading\">Hvad kan du g\u00f8re for at st\u00f8tte Guldbajerklubben?<\/h2>\n\n\n\n<ul class=\"wp-block-list\">\n<li class=\"has-medium-font-size\"><strong>Frivilligt arbejde:<\/strong> \n<ul class=\"wp-block-list\">\n<li>Hj\u00e6lp med at organisere og afholde vores events. Din tid og indsats er uvurderlig.<\/li>\n<\/ul>\n<\/li>\n\n\n\n<li class=\"has-medium-font-size\"><strong>Donationer:<\/strong>\n<ul class=\"wp-block-list\">\n<li class=\"has-medium-font-size\">Bidrag \u00f8konomisk til klubben. Ethvert bel\u00f8b hj\u00e6lper os med at d\u00e6kke omkostningerne til arrangementer og drift.<\/li>\n<\/ul>\n<\/li>\n<\/ul>\n\n\n\n<h2 class=\"wp-block-heading\">Hvorfor st\u00f8tte Guldbajerklubben?<\/h2>\n\n\n\n<ul class=\"wp-block-list\">\n<li class=\"has-medium-font-size\"><strong>Vi skaber et f\u00e6llesskab fyldt med gl\u00e6de og sammenhold.<\/strong><\/li>\n\n\n\n<li class=\"has-medium-font-size\"><strong>Vi arrangerer sjove og mindev\u00e6rdige begivenheder.<\/strong><\/li>\n\n\n\n<li class=\"has-medium-font-size\"><strong>Vi st\u00f8tter lokale initiativer og virksomheder.<\/strong><\/li>\n\n\n\n<li class=\"has-medium-font-size\"><strong>Vi bygger venskaber, der varer livet ud.<\/strong><\/li>\n<\/ul>\n\n\n\n<h3 class=\"wp-block-heading\">Sk\u00e5l og p\u00e5 gensyn!<\/h3>\n\n\n\n<h3 class=\"wp-block-heading\">Mobilpay til 8008AJ<\/h3>\n\n\n\n<figure class=\"wp-block-image size-full is-resized\"><img  title=\"\" fetchpriority=\"high\" decoding=\"async\" width=\"624\" height=\"723\" src=\"https:\/\/guldbajerklubben.dk\/wp-content\/uploads\/2024\/06\/Barcode-1.jpg\"  alt=\"Barcode-1 Sponsor\"  class=\"wp-image-248\" style=\"width:138px;height:auto\" srcset=\"https:\/\/guldbajerklubben.dk\/wp-content\/uploads\/2024\/06\/Barcode-1.jpg 624w, https:\/\/guldbajerklubben.dk\/wp-content\/uploads\/2024\/06\/Barcode-1-259x300.jpg 259w\" sizes=\"(max-width: 624px) 100vw, 624px\" \/><\/figure>\n<div class=\"kodex_buttons\" style=\"text-align:left;\"><button type=\"button\" class=\"kodex_button kodex_like_button\" data-id=\"119\" data-action=\"like\">\r\n\t\t\t<span class=\"icon\"><\/span><span class=\"text\">Like<\/span><span class=\"counter\">2<\/span><\/button><input type=\"hidden\" id=\"nonce\" name=\"nonce\" value=\"1693a0c54c\" \/><input type=\"hidden\" name=\"_wp_http_referer\" value=\"\/index.php\/wp-json\/wp\/v2\/pages\/119\" \/><\/div>","protected":false},"excerpt":{"rendered":"<p>St\u00f8t Guldbajerklubben! Guldbajerklubben er et f\u00e6llesskab, der samler gode mennesker til hyggelige stunder med kolde Guldbajere og masser af grin. For at forts\u00e6tte vores aktiviteter og sikre endnu flere uforglemmelige \u00f8jeblikke, har vi brug for jeres st\u00f8tte! Hvad kan du g\u00f8re for at st\u00f8tte Guldbajerklubben? Hvorfor st\u00f8tte Guldbajerklubben? Sk\u00e5l og p\u00e5 gensyn! Mobilpay til 8008AJ [&hellip;]<\/p>\n","protected":false},"author":1,"featured_media":0,"parent":0,"menu_order":0,"comment_status":"closed","ping_status":"closed","template":"template-fullwidth.php","meta":{"footnotes":""},"class_list":["post-119","page","type-page","status-publish","hentry"],"yoast_head":"<!-- This site is optimized with the Yoast SEO plugin v27.3 - https:\/\/yoast.com\/product\/yoast-seo-wordpress\/ -->\n<title>Sponsor - GuldbajerKlub<\/title>\n<meta name=\"robots\" content=\"index, follow, max-snippet:-1, max-image-preview:large, max-video-preview:-1\" \/>\n<link rel=\"canonical\" href=\"https:\/\/guldbajerklubben.dk\/index.php\/stoet\/\" \/>\n<meta property=\"og:locale\" content=\"da_DK\" \/>\n<meta property=\"og:type\" content=\"article\" \/>\n<meta property=\"og:title\" content=\"Sponsor - GuldbajerKlub\" \/>\n<meta property=\"og:description\" content=\"St\u00f8t Guldbajerklubben! Guldbajerklubben er et f\u00e6llesskab, der samler gode mennesker til hyggelige stunder med kolde Guldbajere og masser af grin. For at forts\u00e6tte vores aktiviteter og sikre endnu flere uforglemmelige \u00f8jeblikke, har vi brug for jeres st\u00f8tte! Hvad kan du g\u00f8re for at st\u00f8tte Guldbajerklubben? Hvorfor st\u00f8tte Guldbajerklubben? Sk\u00e5l og p\u00e5 gensyn! Mobilpay til 8008AJ [&hellip;]\" \/>\n<meta property=\"og:url\" content=\"https:\/\/guldbajerklubben.dk\/index.php\/stoet\/\" \/>\n<meta property=\"og:site_name\" content=\"GuldbajerKlub\" \/>\n<meta property=\"article:modified_time\" content=\"2024-06-12T08:09:58+00:00\" \/>\n<meta property=\"og:image\" content=\"https:\/\/guldbajerklubben.dk\/wp-content\/uploads\/2024\/06\/Barcode-1.jpg\" \/>\n<meta name=\"twitter:card\" content=\"summary_large_image\" \/>\n<meta name=\"twitter:label1\" content=\"Estimeret l\u00e6setid\" \/>\n\t<meta name=\"twitter:data1\" content=\"1 minut\" \/>\n<script type=\"application\/ld+json\" class=\"yoast-schema-graph\">{\"@context\":\"https:\\\/\\\/schema.org\",\"@graph\":[{\"@type\":\"WebPage\",\"@id\":\"https:\\\/\\\/guldbajerklubben.dk\\\/index.php\\\/stoet\\\/\",\"url\":\"https:\\\/\\\/guldbajerklubben.dk\\\/index.php\\\/stoet\\\/\",\"name\":\"Sponsor - GuldbajerKlub\",\"isPartOf\":{\"@id\":\"https:\\\/\\\/guldbajerklubben.dk\\\/#website\"},\"primaryImageOfPage\":{\"@id\":\"https:\\\/\\\/guldbajerklubben.dk\\\/index.php\\\/stoet\\\/#primaryimage\"},\"image\":{\"@id\":\"https:\\\/\\\/guldbajerklubben.dk\\\/index.php\\\/stoet\\\/#primaryimage\"},\"thumbnailUrl\":\"https:\\\/\\\/guldbajerklubben.dk\\\/wp-content\\\/uploads\\\/2024\\\/06\\\/Barcode-1.jpg\",\"datePublished\":\"2024-06-03T22:11:05+00:00\",\"dateModified\":\"2024-06-12T08:09:58+00:00\",\"breadcrumb\":{\"@id\":\"https:\\\/\\\/guldbajerklubben.dk\\\/index.php\\\/stoet\\\/#breadcrumb\"},\"inLanguage\":\"da-DK\",\"potentialAction\":[{\"@type\":\"ReadAction\",\"target\":[\"https:\\\/\\\/guldbajerklubben.dk\\\/index.php\\\/stoet\\\/\"]}]},{\"@type\":\"ImageObject\",\"inLanguage\":\"da-DK\",\"@id\":\"https:\\\/\\\/guldbajerklubben.dk\\\/index.php\\\/stoet\\\/#primaryimage\",\"url\":\"https:\\\/\\\/guldbajerklubben.dk\\\/wp-content\\\/uploads\\\/2024\\\/06\\\/Barcode-1.jpg\",\"contentUrl\":\"https:\\\/\\\/guldbajerklubben.dk\\\/wp-content\\\/uploads\\\/2024\\\/06\\\/Barcode-1.jpg\",\"width\":624,\"height\":723},{\"@type\":\"BreadcrumbList\",\"@id\":\"https:\\\/\\\/guldbajerklubben.dk\\\/index.php\\\/stoet\\\/#breadcrumb\",\"itemListElement\":[{\"@type\":\"ListItem\",\"position\":1,\"name\":\"Hjem\",\"item\":\"https:\\\/\\\/guldbajerklubben.dk\\\/\"},{\"@type\":\"ListItem\",\"position\":2,\"name\":\"Sponsor\"}]},{\"@type\":\"WebSite\",\"@id\":\"https:\\\/\\\/guldbajerklubben.dk\\\/#website\",\"url\":\"https:\\\/\\\/guldbajerklubben.dk\\\/\",\"name\":\"Guldbajerklubben\",\"description\":\"\",\"publisher\":{\"@id\":\"https:\\\/\\\/guldbajerklubben.dk\\\/#organization\"},\"potentialAction\":[{\"@type\":\"SearchAction\",\"target\":{\"@type\":\"EntryPoint\",\"urlTemplate\":\"https:\\\/\\\/guldbajerklubben.dk\\\/?s={search_term_string}\"},\"query-input\":{\"@type\":\"PropertyValueSpecification\",\"valueRequired\":true,\"valueName\":\"search_term_string\"}}],\"inLanguage\":\"da-DK\"},{\"@type\":\"Organization\",\"@id\":\"https:\\\/\\\/guldbajerklubben.dk\\\/#organization\",\"name\":\"Guldbajerklubben\",\"url\":\"https:\\\/\\\/guldbajerklubben.dk\\\/\",\"logo\":{\"@type\":\"ImageObject\",\"inLanguage\":\"da-DK\",\"@id\":\"https:\\\/\\\/guldbajerklubben.dk\\\/#\\\/schema\\\/logo\\\/image\\\/\",\"url\":\"https:\\\/\\\/guldbajerklubben.dk\\\/wp-content\\\/uploads\\\/2024\\\/06\\\/GuldLogo.png\",\"contentUrl\":\"https:\\\/\\\/guldbajerklubben.dk\\\/wp-content\\\/uploads\\\/2024\\\/06\\\/GuldLogo.png\",\"width\":535,\"height\":243,\"caption\":\"Guldbajerklubben\"},\"image\":{\"@id\":\"https:\\\/\\\/guldbajerklubben.dk\\\/#\\\/schema\\\/logo\\\/image\\\/\"}}]}<\/script>\n<!-- \/ Yoast SEO plugin. -->","yoast_head_json":{"title":"Sponsor - GuldbajerKlub","robots":{"index":"index","follow":"follow","max-snippet":"max-snippet:-1","max-image-preview":"max-image-preview:large","max-video-preview":"max-video-preview:-1"},"canonical":"https:\/\/guldbajerklubben.dk\/index.php\/stoet\/","og_locale":"da_DK","og_type":"article","og_title":"Sponsor - GuldbajerKlub","og_description":"St\u00f8t Guldbajerklubben! Guldbajerklubben er et f\u00e6llesskab, der samler gode mennesker til hyggelige stunder med kolde Guldbajere og masser af grin. For at forts\u00e6tte vores aktiviteter og sikre endnu flere uforglemmelige \u00f8jeblikke, har vi brug for jeres st\u00f8tte! Hvad kan du g\u00f8re for at st\u00f8tte Guldbajerklubben? Hvorfor st\u00f8tte Guldbajerklubben? Sk\u00e5l og p\u00e5 gensyn! Mobilpay til 8008AJ [&hellip;]","og_url":"https:\/\/guldbajerklubben.dk\/index.php\/stoet\/","og_site_name":"GuldbajerKlub","article_modified_time":"2024-06-12T08:09:58+00:00","og_image":[{"url":"https:\/\/guldbajerklubben.dk\/wp-content\/uploads\/2024\/06\/Barcode-1.jpg","type":"","width":"","height":""}],"twitter_card":"summary_large_image","twitter_misc":{"Estimeret l\u00e6setid":"1 minut"},"schema":{"@context":"https:\/\/schema.org","@graph":[{"@type":"WebPage","@id":"https:\/\/guldbajerklubben.dk\/index.php\/stoet\/","url":"https:\/\/guldbajerklubben.dk\/index.php\/stoet\/","name":"Sponsor - GuldbajerKlub","isPartOf":{"@id":"https:\/\/guldbajerklubben.dk\/#website"},"primaryImageOfPage":{"@id":"https:\/\/guldbajerklubben.dk\/index.php\/stoet\/#primaryimage"},"image":{"@id":"https:\/\/guldbajerklubben.dk\/index.php\/stoet\/#primaryimage"},"thumbnailUrl":"https:\/\/guldbajerklubben.dk\/wp-content\/uploads\/2024\/06\/Barcode-1.jpg","datePublished":"2024-06-03T22:11:05+00:00","dateModified":"2024-06-12T08:09:58+00:00","breadcrumb":{"@id":"https:\/\/guldbajerklubben.dk\/index.php\/stoet\/#breadcrumb"},"inLanguage":"da-DK","potentialAction":[{"@type":"ReadAction","target":["https:\/\/guldbajerklubben.dk\/index.php\/stoet\/"]}]},{"@type":"ImageObject","inLanguage":"da-DK","@id":"https:\/\/guldbajerklubben.dk\/index.php\/stoet\/#primaryimage","url":"https:\/\/guldbajerklubben.dk\/wp-content\/uploads\/2024\/06\/Barcode-1.jpg","contentUrl":"https:\/\/guldbajerklubben.dk\/wp-content\/uploads\/2024\/06\/Barcode-1.jpg","width":624,"height":723},{"@type":"BreadcrumbList","@id":"https:\/\/guldbajerklubben.dk\/index.php\/stoet\/#breadcrumb","itemListElement":[{"@type":"ListItem","position":1,"name":"Hjem","item":"https:\/\/guldbajerklubben.dk\/"},{"@type":"ListItem","position":2,"name":"Sponsor"}]},{"@type":"WebSite","@id":"https:\/\/guldbajerklubben.dk\/#website","url":"https:\/\/guldbajerklubben.dk\/","name":"Guldbajerklubben","description":"","publisher":{"@id":"https:\/\/guldbajerklubben.dk\/#organization"},"potentialAction":[{"@type":"SearchAction","target":{"@type":"EntryPoint","urlTemplate":"https:\/\/guldbajerklubben.dk\/?s={search_term_string}"},"query-input":{"@type":"PropertyValueSpecification","valueRequired":true,"valueName":"search_term_string"}}],"inLanguage":"da-DK"},{"@type":"Organization","@id":"https:\/\/guldbajerklubben.dk\/#organization","name":"Guldbajerklubben","url":"https:\/\/guldbajerklubben.dk\/","logo":{"@type":"ImageObject","inLanguage":"da-DK","@id":"https:\/\/guldbajerklubben.dk\/#\/schema\/logo\/image\/","url":"https:\/\/guldbajerklubben.dk\/wp-content\/uploads\/2024\/06\/GuldLogo.png","contentUrl":"https:\/\/guldbajerklubben.dk\/wp-content\/uploads\/2024\/06\/GuldLogo.png","width":535,"height":243,"caption":"Guldbajerklubben"},"image":{"@id":"https:\/\/guldbajerklubben.dk\/#\/schema\/logo\/image\/"}}]}},"_links":{"self":[{"href":"https:\/\/guldbajerklubben.dk\/index.php\/wp-json\/wp\/v2\/pages\/119","targetHints":{"allow":["GET"]}}],"collection":[{"href":"https:\/\/guldbajerklubben.dk\/index.php\/wp-json\/wp\/v2\/pages"}],"about":[{"href":"https:\/\/guldbajerklubben.dk\/index.php\/wp-json\/wp\/v2\/types\/page"}],"author":[{"embeddable":true,"href":"https:\/\/guldbajerklubben.dk\/index.php\/wp-json\/wp\/v2\/users\/1"}],"replies":[{"embeddable":true,"href":"https:\/\/guldbajerklubben.dk\/index.php\/wp-json\/wp\/v2\/comments?post=119"}],"version-history":[{"count":13,"href":"https:\/\/guldbajerklubben.dk\/index.php\/wp-json\/wp\/v2\/pages\/119\/revisions"}],"predecessor-version":[{"id":332,"href":"https:\/\/guldbajerklubben.dk\/index.php\/wp-json\/wp\/v2\/pages\/119\/revisions\/332"}],"wp:attachment":[{"href":"https:\/\/guldbajerklubben.dk\/index.php\/wp-json\/wp\/v2\/media?parent=119"}],"curies":[{"name":"wp","href":"https:\/\/api.w.org\/{rel}","templated":true}]}}