{"id":2,"date":"2024-05-31T12:36:02","date_gmt":"2024-05-31T12:36:02","guid":{"rendered":"https:\/\/guldbajerklubben.dk\/?page_id=2"},"modified":"2024-10-11T11:53:56","modified_gmt":"2024-10-11T10:53:56","slug":"sample-page","status":"publish","type":"page","link":"https:\/\/guldbajerklubben.dk\/index.php\/sample-page\/","title":{"rendered":"Hvem er vi ?"},"content":{"rendered":"\n<h2 class=\"wp-block-heading has-text-align-center\">Om Guldbajerklubben<\/h2>\n\n\n\n<h3 class=\"wp-block-heading\">Guldbajerklubben startede den 24 september 2022 og er en sammenslutning af entusiastiske \u00f8lelskere, der deler en f\u00e6lles passion for en god guldbajer. Vi s\u00e6tter pris p\u00e5 hygge og samv\u00e6r, og vi str\u00e6ber efter at skabe en varm og im\u00f8dekommende atmosf\u00e6re med masser af sjove \u00f8jeblikke!<\/h3>\n\n\n\n<h3 class=\"wp-block-heading\">Vi nyder at udforske de klassiske, brune v\u00e6rtshuse, som er fyldt med charme og historie. Disse v\u00e6rtshuse tilbyder en autentisk oplevelse, der er perfekt til at nyde en kold bajer i godt selskab. Uanset om vi sidder og snakker om dagens begivenheder eller planl\u00e6gger vores n\u00e6ste eventyr, er hyggen altid i h\u00f8js\u00e6det.<\/h3>\n\n\n\n<h3 class=\"wp-block-heading\">Guldbajerklubben er ikke bare en klub; det er et f\u00e6llesskab af venner, der deler gl\u00e6den ved godt \u00f8l og gode stunder. Vi arrangerer regelm\u00e6ssigt ture og events, hvor vi udforsker nye steder og oplever nye smagsoplevelser. Hver tur er en mulighed for at skabe minder og styrke vores f\u00e6llesskab.<\/h3>\n<div class=\"kodex_buttons\" style=\"text-align:left;\"><button type=\"button\" class=\"kodex_button kodex_like_button\" data-id=\"2\" data-action=\"like\">\r\n\t\t\t<span class=\"icon\"><\/span><span class=\"text\">Like<\/span><span class=\"counter\">3<\/span><\/button><input type=\"hidden\" id=\"nonce\" name=\"nonce\" value=\"1693a0c54c\" \/><input type=\"hidden\" name=\"_wp_http_referer\" value=\"\/index.php\/wp-json\/wp\/v2\/pages\/2\" \/><\/div>","protected":false},"excerpt":{"rendered":"<p>Om Guldbajerklubben Guldbajerklubben startede den 24 september 2022 og er en sammenslutning af entusiastiske \u00f8lelskere, der deler en f\u00e6lles passion for en god guldbajer. Vi s\u00e6tter pris p\u00e5 hygge og samv\u00e6r, og vi str\u00e6ber efter at skabe en varm og im\u00f8dekommende atmosf\u00e6re med masser af sjove \u00f8jeblikke! Vi nyder at udforske de klassiske, brune v\u00e6rtshuse, [&hellip;]<\/p>\n","protected":false},"author":1,"featured_media":0,"parent":0,"menu_order":0,"comment_status":"closed","ping_status":"open","template":"template-fullwidth.php","meta":{"footnotes":""},"class_list":["post-2","page","type-page","status-publish","hentry"],"yoast_head":"<!-- This site is optimized with the Yoast SEO plugin v27.3 - https:\/\/yoast.com\/product\/yoast-seo-wordpress\/ -->\n<title>Hvem er vi ? - GuldbajerKlub<\/title>\n<meta name=\"robots\" content=\"index, follow, max-snippet:-1, max-image-preview:large, max-video-preview:-1\" \/>\n<link rel=\"canonical\" href=\"https:\/\/guldbajerklubben.dk\/index.php\/sample-page\/\" \/>\n<meta property=\"og:locale\" content=\"da_DK\" \/>\n<meta property=\"og:type\" content=\"article\" \/>\n<meta property=\"og:title\" content=\"Hvem er vi ? - GuldbajerKlub\" \/>\n<meta property=\"og:description\" content=\"Om Guldbajerklubben Guldbajerklubben startede den 24 september 2022 og er en sammenslutning af entusiastiske \u00f8lelskere, der deler en f\u00e6lles passion for en god guldbajer. Vi s\u00e6tter pris p\u00e5 hygge og samv\u00e6r, og vi str\u00e6ber efter at skabe en varm og im\u00f8dekommende atmosf\u00e6re med masser af sjove \u00f8jeblikke! Vi nyder at udforske de klassiske, brune v\u00e6rtshuse, [&hellip;]\" \/>\n<meta property=\"og:url\" content=\"https:\/\/guldbajerklubben.dk\/index.php\/sample-page\/\" \/>\n<meta property=\"og:site_name\" content=\"GuldbajerKlub\" \/>\n<meta property=\"article:modified_time\" content=\"2024-10-11T10:53:56+00:00\" \/>\n<meta name=\"twitter:card\" content=\"summary_large_image\" \/>\n<meta name=\"twitter:label1\" content=\"Estimeret l\u00e6setid\" \/>\n\t<meta name=\"twitter:data1\" content=\"1 minut\" \/>\n<script type=\"application\/ld+json\" class=\"yoast-schema-graph\">{\"@context\":\"https:\\\/\\\/schema.org\",\"@graph\":[{\"@type\":\"WebPage\",\"@id\":\"https:\\\/\\\/guldbajerklubben.dk\\\/index.php\\\/sample-page\\\/\",\"url\":\"https:\\\/\\\/guldbajerklubben.dk\\\/index.php\\\/sample-page\\\/\",\"name\":\"Hvem er vi ? - GuldbajerKlub\",\"isPartOf\":{\"@id\":\"https:\\\/\\\/guldbajerklubben.dk\\\/#website\"},\"datePublished\":\"2024-05-31T12:36:02+00:00\",\"dateModified\":\"2024-10-11T10:53:56+00:00\",\"breadcrumb\":{\"@id\":\"https:\\\/\\\/guldbajerklubben.dk\\\/index.php\\\/sample-page\\\/#breadcrumb\"},\"inLanguage\":\"da-DK\",\"potentialAction\":[{\"@type\":\"ReadAction\",\"target\":[\"https:\\\/\\\/guldbajerklubben.dk\\\/index.php\\\/sample-page\\\/\"]}]},{\"@type\":\"BreadcrumbList\",\"@id\":\"https:\\\/\\\/guldbajerklubben.dk\\\/index.php\\\/sample-page\\\/#breadcrumb\",\"itemListElement\":[{\"@type\":\"ListItem\",\"position\":1,\"name\":\"Hjem\",\"item\":\"https:\\\/\\\/guldbajerklubben.dk\\\/\"},{\"@type\":\"ListItem\",\"position\":2,\"name\":\"Hvem er vi ?\"}]},{\"@type\":\"WebSite\",\"@id\":\"https:\\\/\\\/guldbajerklubben.dk\\\/#website\",\"url\":\"https:\\\/\\\/guldbajerklubben.dk\\\/\",\"name\":\"Guldbajerklubben\",\"description\":\"\",\"publisher\":{\"@id\":\"https:\\\/\\\/guldbajerklubben.dk\\\/#organization\"},\"potentialAction\":[{\"@type\":\"SearchAction\",\"target\":{\"@type\":\"EntryPoint\",\"urlTemplate\":\"https:\\\/\\\/guldbajerklubben.dk\\\/?s={search_term_string}\"},\"query-input\":{\"@type\":\"PropertyValueSpecification\",\"valueRequired\":true,\"valueName\":\"search_term_string\"}}],\"inLanguage\":\"da-DK\"},{\"@type\":\"Organization\",\"@id\":\"https:\\\/\\\/guldbajerklubben.dk\\\/#organization\",\"name\":\"Guldbajerklubben\",\"url\":\"https:\\\/\\\/guldbajerklubben.dk\\\/\",\"logo\":{\"@type\":\"ImageObject\",\"inLanguage\":\"da-DK\",\"@id\":\"https:\\\/\\\/guldbajerklubben.dk\\\/#\\\/schema\\\/logo\\\/image\\\/\",\"url\":\"https:\\\/\\\/guldbajerklubben.dk\\\/wp-content\\\/uploads\\\/2024\\\/06\\\/GuldLogo.png\",\"contentUrl\":\"https:\\\/\\\/guldbajerklubben.dk\\\/wp-content\\\/uploads\\\/2024\\\/06\\\/GuldLogo.png\",\"width\":535,\"height\":243,\"caption\":\"Guldbajerklubben\"},\"image\":{\"@id\":\"https:\\\/\\\/guldbajerklubben.dk\\\/#\\\/schema\\\/logo\\\/image\\\/\"}}]}<\/script>\n<!-- \/ Yoast SEO plugin. -->","yoast_head_json":{"title":"Hvem er vi ? - GuldbajerKlub","robots":{"index":"index","follow":"follow","max-snippet":"max-snippet:-1","max-image-preview":"max-image-preview:large","max-video-preview":"max-video-preview:-1"},"canonical":"https:\/\/guldbajerklubben.dk\/index.php\/sample-page\/","og_locale":"da_DK","og_type":"article","og_title":"Hvem er vi ? - GuldbajerKlub","og_description":"Om Guldbajerklubben Guldbajerklubben startede den 24 september 2022 og er en sammenslutning af entusiastiske \u00f8lelskere, der deler en f\u00e6lles passion for en god guldbajer. Vi s\u00e6tter pris p\u00e5 hygge og samv\u00e6r, og vi str\u00e6ber efter at skabe en varm og im\u00f8dekommende atmosf\u00e6re med masser af sjove \u00f8jeblikke! Vi nyder at udforske de klassiske, brune v\u00e6rtshuse, [&hellip;]","og_url":"https:\/\/guldbajerklubben.dk\/index.php\/sample-page\/","og_site_name":"GuldbajerKlub","article_modified_time":"2024-10-11T10:53:56+00:00","twitter_card":"summary_large_image","twitter_misc":{"Estimeret l\u00e6setid":"1 minut"},"schema":{"@context":"https:\/\/schema.org","@graph":[{"@type":"WebPage","@id":"https:\/\/guldbajerklubben.dk\/index.php\/sample-page\/","url":"https:\/\/guldbajerklubben.dk\/index.php\/sample-page\/","name":"Hvem er vi ? - GuldbajerKlub","isPartOf":{"@id":"https:\/\/guldbajerklubben.dk\/#website"},"datePublished":"2024-05-31T12:36:02+00:00","dateModified":"2024-10-11T10:53:56+00:00","breadcrumb":{"@id":"https:\/\/guldbajerklubben.dk\/index.php\/sample-page\/#breadcrumb"},"inLanguage":"da-DK","potentialAction":[{"@type":"ReadAction","target":["https:\/\/guldbajerklubben.dk\/index.php\/sample-page\/"]}]},{"@type":"BreadcrumbList","@id":"https:\/\/guldbajerklubben.dk\/index.php\/sample-page\/#breadcrumb","itemListElement":[{"@type":"ListItem","position":1,"name":"Hjem","item":"https:\/\/guldbajerklubben.dk\/"},{"@type":"ListItem","position":2,"name":"Hvem er vi ?"}]},{"@type":"WebSite","@id":"https:\/\/guldbajerklubben.dk\/#website","url":"https:\/\/guldbajerklubben.dk\/","name":"Guldbajerklubben","description":"","publisher":{"@id":"https:\/\/guldbajerklubben.dk\/#organization"},"potentialAction":[{"@type":"SearchAction","target":{"@type":"EntryPoint","urlTemplate":"https:\/\/guldbajerklubben.dk\/?s={search_term_string}"},"query-input":{"@type":"PropertyValueSpecification","valueRequired":true,"valueName":"search_term_string"}}],"inLanguage":"da-DK"},{"@type":"Organization","@id":"https:\/\/guldbajerklubben.dk\/#organization","name":"Guldbajerklubben","url":"https:\/\/guldbajerklubben.dk\/","logo":{"@type":"ImageObject","inLanguage":"da-DK","@id":"https:\/\/guldbajerklubben.dk\/#\/schema\/logo\/image\/","url":"https:\/\/guldbajerklubben.dk\/wp-content\/uploads\/2024\/06\/GuldLogo.png","contentUrl":"https:\/\/guldbajerklubben.dk\/wp-content\/uploads\/2024\/06\/GuldLogo.png","width":535,"height":243,"caption":"Guldbajerklubben"},"image":{"@id":"https:\/\/guldbajerklubben.dk\/#\/schema\/logo\/image\/"}}]}},"_links":{"self":[{"href":"https:\/\/guldbajerklubben.dk\/index.php\/wp-json\/wp\/v2\/pages\/2","targetHints":{"allow":["GET"]}}],"collection":[{"href":"https:\/\/guldbajerklubben.dk\/index.php\/wp-json\/wp\/v2\/pages"}],"about":[{"href":"https:\/\/guldbajerklubben.dk\/index.php\/wp-json\/wp\/v2\/types\/page"}],"author":[{"embeddable":true,"href":"https:\/\/guldbajerklubben.dk\/index.php\/wp-json\/wp\/v2\/users\/1"}],"replies":[{"embeddable":true,"href":"https:\/\/guldbajerklubben.dk\/index.php\/wp-json\/wp\/v2\/comments?post=2"}],"version-history":[{"count":16,"href":"https:\/\/guldbajerklubben.dk\/index.php\/wp-json\/wp\/v2\/pages\/2\/revisions"}],"predecessor-version":[{"id":1748,"href":"https:\/\/guldbajerklubben.dk\/index.php\/wp-json\/wp\/v2\/pages\/2\/revisions\/1748"}],"wp:attachment":[{"href":"https:\/\/guldbajerklubben.dk\/index.php\/wp-json\/wp\/v2\/media?parent=2"}],"curies":[{"name":"wp","href":"https:\/\/api.w.org\/{rel}","templated":true}]}}