{"id":377,"date":"2024-06-13T08:08:06","date_gmt":"2024-06-13T08:08:06","guid":{"rendered":"https:\/\/guldbajerklubben.dk\/?page_id=377"},"modified":"2024-06-13T08:10:38","modified_gmt":"2024-06-13T08:10:38","slug":"cookie-og-privatlivspolitik-hos-guldbajerklubben","status":"publish","type":"page","link":"https:\/\/guldbajerklubben.dk\/index.php\/cookie-og-privatlivspolitik-hos-guldbajerklubben\/","title":{"rendered":"Cookie- og privatlivspolitik hos Guldbajerklubben"},"content":{"rendered":"\n<p><\/p>\n\n\n\n<h4 class=\"wp-block-heading\">Introduktion<br>N\u00e5r du bes\u00f8ger vores website indsamles der oplysninger om dig, som bruges til at tilpasse og forbedre vores indhold. Hvis du ikke \u00f8nsker, at der indsamles oplysninger, b\u00f8r du slette dine cookies (se vejledning: http:\/\/minecookies.org\/cookiehandtering) og undlade videre brug af websitet. Nedenfor har vi uddybet, hvilke informationer der indsamles, deres form\u00e5l og hvilke tredjeparter, der har adgang til dem.<\/h4>\n\n\n\n<h4 class=\"wp-block-heading\">Cookies<br>Websitet anvender &#8220;cookies&#8221;, der er en tekstfil, som gemmes p\u00e5 din computer, mobil el. tilsvarende med det form\u00e5l at genkende den, huske indstillinger og udf\u00f8re statistik. Cookies kan ikke indeholde skadelig kode som f.eks. virus.<\/h4>\n\n\n\n<h4 class=\"wp-block-heading\">Det er muligt at slette eller blokere for cookies. Se vejledning: http:\/\/minecookies.org\/cookiehandtering<\/h4>\n\n\n\n<h4 class=\"wp-block-heading\">Hvis du sletter eller blokerer cookies kan du risikere at websitet ikke fungerer optimalt samt at der er indhold, du ikke kan f\u00e5 adgang til.<\/h4>\n\n\n\n<h4 class=\"wp-block-heading\">Websitet indeholder cookies fra tredjeparter, der i varierende omfang kan omfatte:<\/h4>\n\n\n\n<ul class=\"wp-block-list\">\n<li>Displaying content from external platforms\n<ul class=\"wp-block-list\">\n<li>Google Fonts <\/li>\n<\/ul>\n<\/li>\n<\/ul>\n\n\n\n<p><\/p>\n\n\n\n<h4 class=\"wp-block-heading\">Personoplysninger<\/h4>\n\n\n\n<h4 class=\"wp-block-heading\">Generelt<br>Personoplysninger er alle slags informationer, der i et eller andet omfang kan henf\u00f8res til dig. N\u00e5r du benytter vores website.<\/h4>\n\n\n\n<h4 class=\"wp-block-heading\">Vi indsamler og behandler typisk f\u00f8lgende typer af oplysninger: Et unikt ID og tekniske oplysninger om din computer, tablet eller mobiltelefon, dit IP-nummer, geografisk placering, samt hvilke sider du klikker p\u00e5 (interesser). I det omfang du selv giver eksplicit samtykke hertil og selv indtaster informationerne behandles desuden: Navn, telefonnummer, e-mail, adresse og betalingsoplysninger fra MobilPay. Det vil typisk v\u00e6re i forbindelse med e-mail eller Mobilpay (St\u00f8t Guldbajerklubben).<\/h4>\n\n\n\n<h4 class=\"wp-block-heading\">Sikkerhed<br>Vi behandler dine personoplysninger sikkert og fortroligt i overensstemmelse med g\u00e6ldende lovgivning, herunder persondataforordningen og databeskyttelsesloven.<br>Dine oplysninger vil alene blive anvendt til det form\u00e5l, de er indsamlet til, og vil blive slettet, n\u00e5r dette form\u00e5l er opfyldt eller ikke l\u00e6ngere relevant.<br>Vi har truffet tekniske og organisatoriske foranstaltninger mod, at dine oplysninger h\u00e6ndeligt eller ulovligt bliver slettet, offentliggjort, fortabt, forringet eller kommer til uvedkommendes kendskab, misbruges eller i \u00f8vrigt behandles i strid med lovgivningen.<\/h4>\n\n\n\n<h4 class=\"wp-block-heading\">Form\u00e5l<br>Oplysningerne bruges til at identificere dig som bruger. Herudover registrering i forhold til st\u00f8tte indbetalinger, samt at kunne levere de services, du har efterspurgt, som f.eks. at fremsende et nyhedsbrev. Herudover anvender vi oplysningerne til at optimere vores services og indhold.<\/h4>\n\n\n\n<h4 class=\"wp-block-heading\">Periode for opbevaring<br>Oplysningerne opbevares i det tidsrum, der er tilladt i henhold til lovgivningen, og vi sletter dem, n\u00e5r de ikke l\u00e6ngere er n\u00f8dvendige. Perioden afh\u00e6nger af karakteren af oplysningen og baggrunden for opbevaring. Det er derfor ikke muligt at angive en generel tidsramme for, hvorn\u00e5r informationer slettes.<\/h4>\n\n\n\n<h4 class=\"wp-block-heading\">Videregivelse af oplysninger<br>Videregivelse af personoplysninger som navn og e-mail m.v. vil kun ske, hvis du giver samtykke til det. Vi anvender kun databehandlere i EU eller i lande, der kan give dine oplysninger en tilstr\u00e6kkelig beskyttelse.<\/h4>\n\n\n\n<h4 class=\"wp-block-heading\">Indsigt og klager<br>Du har ret til at f\u00e5 oplyst, hvilke personoplysninger, vi behandler om dig i et almindeligt format (dataportabilitet). Du kan desuden til enhver tid g\u00f8re indsigelse mod, at oplysninger anvendes. Du kan ogs\u00e5 tilbagekalde dit samtykke til, at der bliver behandlet oplysninger om dig. Hvis de oplysninger, der behandles om dig, er forkerte har du ret til at de bliver rettet eller slettet. Henvendelse herom kan ske til: mail@guldbajerklubben.dk. Hvis du vil klage over vores behandling af dine personoplysninger, har du ogs\u00e5 mulighed for at tage kontakt til Datatilsynet.<br>\u00d8nsker du ikke l\u00e6ngere, at vi skal behandle dine personoplysninger, eller at vi skal begr\u00e6nse behandlingen af dine personoplysninger, kan du ogs\u00e5 sende os en anmodning herom til ovenn\u00e6vnte e-mailadresse.<\/h4>\n\n\n\n<h4 class=\"wp-block-heading\">Udgiver<br>Websitet ejes og publiceres af:<\/h4>\n\n\n\n<h4 class=\"wp-block-heading\">Guldbajerklubben<br>Knejpe<br>6430 Nordborg<br>Telefon:<br>Email: mail@guldbajerklubben.dk<\/h4>\n<div class=\"kodex_buttons\" style=\"text-align:left;\"><button type=\"button\" class=\"kodex_button kodex_like_button\" data-id=\"377\" data-action=\"like\">\r\n\t\t\t<span class=\"icon\"><\/span><span class=\"text\">Like<\/span><\/button><input type=\"hidden\" id=\"nonce\" name=\"nonce\" value=\"1693a0c54c\" \/><input type=\"hidden\" name=\"_wp_http_referer\" value=\"\/index.php\/wp-json\/wp\/v2\/pages\/377\" \/><\/div>","protected":false},"excerpt":{"rendered":"<p>IntroduktionN\u00e5r du bes\u00f8ger vores website indsamles der oplysninger om dig, som bruges til at tilpasse og forbedre vores indhold. Hvis du ikke \u00f8nsker, at der indsamles oplysninger, b\u00f8r du slette dine cookies (se vejledning: http:\/\/minecookies.org\/cookiehandtering) og undlade videre brug af websitet. Nedenfor har vi uddybet, hvilke informationer der indsamles, deres form\u00e5l og hvilke tredjeparter, der [&hellip;]<\/p>\n","protected":false},"author":1,"featured_media":0,"parent":0,"menu_order":0,"comment_status":"closed","ping_status":"closed","template":"","meta":{"footnotes":""},"class_list":["post-377","page","type-page","status-publish","hentry"],"yoast_head":"<!-- This site is optimized with the Yoast SEO plugin v27.3 - https:\/\/yoast.com\/product\/yoast-seo-wordpress\/ -->\n<title>Cookie- og privatlivspolitik hos Guldbajerklubben - GuldbajerKlub<\/title>\n<meta name=\"robots\" content=\"index, follow, max-snippet:-1, max-image-preview:large, max-video-preview:-1\" \/>\n<link rel=\"canonical\" href=\"https:\/\/guldbajerklubben.dk\/index.php\/cookie-og-privatlivspolitik-hos-guldbajerklubben\/\" \/>\n<meta property=\"og:locale\" content=\"da_DK\" \/>\n<meta property=\"og:type\" content=\"article\" \/>\n<meta property=\"og:title\" content=\"Cookie- og privatlivspolitik hos Guldbajerklubben - GuldbajerKlub\" \/>\n<meta property=\"og:description\" content=\"IntroduktionN\u00e5r du bes\u00f8ger vores website indsamles der oplysninger om dig, som bruges til at tilpasse og forbedre vores indhold. Hvis du ikke \u00f8nsker, at der indsamles oplysninger, b\u00f8r du slette dine cookies (se vejledning: http:\/\/minecookies.org\/cookiehandtering) og undlade videre brug af websitet. Nedenfor har vi uddybet, hvilke informationer der indsamles, deres form\u00e5l og hvilke tredjeparter, der [&hellip;]\" \/>\n<meta property=\"og:url\" content=\"https:\/\/guldbajerklubben.dk\/index.php\/cookie-og-privatlivspolitik-hos-guldbajerklubben\/\" \/>\n<meta property=\"og:site_name\" content=\"GuldbajerKlub\" \/>\n<meta property=\"article:modified_time\" content=\"2024-06-13T08:10:38+00:00\" \/>\n<meta name=\"twitter:card\" content=\"summary_large_image\" \/>\n<meta name=\"twitter:label1\" content=\"Estimeret l\u00e6setid\" \/>\n\t<meta name=\"twitter:data1\" content=\"4 minutter\" \/>\n<script type=\"application\/ld+json\" class=\"yoast-schema-graph\">{\"@context\":\"https:\\\/\\\/schema.org\",\"@graph\":[{\"@type\":\"WebPage\",\"@id\":\"https:\\\/\\\/guldbajerklubben.dk\\\/index.php\\\/cookie-og-privatlivspolitik-hos-guldbajerklubben\\\/\",\"url\":\"https:\\\/\\\/guldbajerklubben.dk\\\/index.php\\\/cookie-og-privatlivspolitik-hos-guldbajerklubben\\\/\",\"name\":\"Cookie- og privatlivspolitik hos Guldbajerklubben - GuldbajerKlub\",\"isPartOf\":{\"@id\":\"https:\\\/\\\/guldbajerklubben.dk\\\/#website\"},\"datePublished\":\"2024-06-13T08:08:06+00:00\",\"dateModified\":\"2024-06-13T08:10:38+00:00\",\"breadcrumb\":{\"@id\":\"https:\\\/\\\/guldbajerklubben.dk\\\/index.php\\\/cookie-og-privatlivspolitik-hos-guldbajerklubben\\\/#breadcrumb\"},\"inLanguage\":\"da-DK\",\"potentialAction\":[{\"@type\":\"ReadAction\",\"target\":[\"https:\\\/\\\/guldbajerklubben.dk\\\/index.php\\\/cookie-og-privatlivspolitik-hos-guldbajerklubben\\\/\"]}]},{\"@type\":\"BreadcrumbList\",\"@id\":\"https:\\\/\\\/guldbajerklubben.dk\\\/index.php\\\/cookie-og-privatlivspolitik-hos-guldbajerklubben\\\/#breadcrumb\",\"itemListElement\":[{\"@type\":\"ListItem\",\"position\":1,\"name\":\"Hjem\",\"item\":\"https:\\\/\\\/guldbajerklubben.dk\\\/\"},{\"@type\":\"ListItem\",\"position\":2,\"name\":\"Cookie- og privatlivspolitik hos Guldbajerklubben\"}]},{\"@type\":\"WebSite\",\"@id\":\"https:\\\/\\\/guldbajerklubben.dk\\\/#website\",\"url\":\"https:\\\/\\\/guldbajerklubben.dk\\\/\",\"name\":\"Guldbajerklubben\",\"description\":\"\",\"publisher\":{\"@id\":\"https:\\\/\\\/guldbajerklubben.dk\\\/#organization\"},\"potentialAction\":[{\"@type\":\"SearchAction\",\"target\":{\"@type\":\"EntryPoint\",\"urlTemplate\":\"https:\\\/\\\/guldbajerklubben.dk\\\/?s={search_term_string}\"},\"query-input\":{\"@type\":\"PropertyValueSpecification\",\"valueRequired\":true,\"valueName\":\"search_term_string\"}}],\"inLanguage\":\"da-DK\"},{\"@type\":\"Organization\",\"@id\":\"https:\\\/\\\/guldbajerklubben.dk\\\/#organization\",\"name\":\"Guldbajerklubben\",\"url\":\"https:\\\/\\\/guldbajerklubben.dk\\\/\",\"logo\":{\"@type\":\"ImageObject\",\"inLanguage\":\"da-DK\",\"@id\":\"https:\\\/\\\/guldbajerklubben.dk\\\/#\\\/schema\\\/logo\\\/image\\\/\",\"url\":\"https:\\\/\\\/guldbajerklubben.dk\\\/wp-content\\\/uploads\\\/2024\\\/06\\\/GuldLogo.png\",\"contentUrl\":\"https:\\\/\\\/guldbajerklubben.dk\\\/wp-content\\\/uploads\\\/2024\\\/06\\\/GuldLogo.png\",\"width\":535,\"height\":243,\"caption\":\"Guldbajerklubben\"},\"image\":{\"@id\":\"https:\\\/\\\/guldbajerklubben.dk\\\/#\\\/schema\\\/logo\\\/image\\\/\"}}]}<\/script>\n<!-- \/ Yoast SEO plugin. -->","yoast_head_json":{"title":"Cookie- og privatlivspolitik hos Guldbajerklubben - GuldbajerKlub","robots":{"index":"index","follow":"follow","max-snippet":"max-snippet:-1","max-image-preview":"max-image-preview:large","max-video-preview":"max-video-preview:-1"},"canonical":"https:\/\/guldbajerklubben.dk\/index.php\/cookie-og-privatlivspolitik-hos-guldbajerklubben\/","og_locale":"da_DK","og_type":"article","og_title":"Cookie- og privatlivspolitik hos Guldbajerklubben - GuldbajerKlub","og_description":"IntroduktionN\u00e5r du bes\u00f8ger vores website indsamles der oplysninger om dig, som bruges til at tilpasse og forbedre vores indhold. Hvis du ikke \u00f8nsker, at der indsamles oplysninger, b\u00f8r du slette dine cookies (se vejledning: http:\/\/minecookies.org\/cookiehandtering) og undlade videre brug af websitet. Nedenfor har vi uddybet, hvilke informationer der indsamles, deres form\u00e5l og hvilke tredjeparter, der [&hellip;]","og_url":"https:\/\/guldbajerklubben.dk\/index.php\/cookie-og-privatlivspolitik-hos-guldbajerklubben\/","og_site_name":"GuldbajerKlub","article_modified_time":"2024-06-13T08:10:38+00:00","twitter_card":"summary_large_image","twitter_misc":{"Estimeret l\u00e6setid":"4 minutter"},"schema":{"@context":"https:\/\/schema.org","@graph":[{"@type":"WebPage","@id":"https:\/\/guldbajerklubben.dk\/index.php\/cookie-og-privatlivspolitik-hos-guldbajerklubben\/","url":"https:\/\/guldbajerklubben.dk\/index.php\/cookie-og-privatlivspolitik-hos-guldbajerklubben\/","name":"Cookie- og privatlivspolitik hos Guldbajerklubben - GuldbajerKlub","isPartOf":{"@id":"https:\/\/guldbajerklubben.dk\/#website"},"datePublished":"2024-06-13T08:08:06+00:00","dateModified":"2024-06-13T08:10:38+00:00","breadcrumb":{"@id":"https:\/\/guldbajerklubben.dk\/index.php\/cookie-og-privatlivspolitik-hos-guldbajerklubben\/#breadcrumb"},"inLanguage":"da-DK","potentialAction":[{"@type":"ReadAction","target":["https:\/\/guldbajerklubben.dk\/index.php\/cookie-og-privatlivspolitik-hos-guldbajerklubben\/"]}]},{"@type":"BreadcrumbList","@id":"https:\/\/guldbajerklubben.dk\/index.php\/cookie-og-privatlivspolitik-hos-guldbajerklubben\/#breadcrumb","itemListElement":[{"@type":"ListItem","position":1,"name":"Hjem","item":"https:\/\/guldbajerklubben.dk\/"},{"@type":"ListItem","position":2,"name":"Cookie- og privatlivspolitik hos Guldbajerklubben"}]},{"@type":"WebSite","@id":"https:\/\/guldbajerklubben.dk\/#website","url":"https:\/\/guldbajerklubben.dk\/","name":"Guldbajerklubben","description":"","publisher":{"@id":"https:\/\/guldbajerklubben.dk\/#organization"},"potentialAction":[{"@type":"SearchAction","target":{"@type":"EntryPoint","urlTemplate":"https:\/\/guldbajerklubben.dk\/?s={search_term_string}"},"query-input":{"@type":"PropertyValueSpecification","valueRequired":true,"valueName":"search_term_string"}}],"inLanguage":"da-DK"},{"@type":"Organization","@id":"https:\/\/guldbajerklubben.dk\/#organization","name":"Guldbajerklubben","url":"https:\/\/guldbajerklubben.dk\/","logo":{"@type":"ImageObject","inLanguage":"da-DK","@id":"https:\/\/guldbajerklubben.dk\/#\/schema\/logo\/image\/","url":"https:\/\/guldbajerklubben.dk\/wp-content\/uploads\/2024\/06\/GuldLogo.png","contentUrl":"https:\/\/guldbajerklubben.dk\/wp-content\/uploads\/2024\/06\/GuldLogo.png","width":535,"height":243,"caption":"Guldbajerklubben"},"image":{"@id":"https:\/\/guldbajerklubben.dk\/#\/schema\/logo\/image\/"}}]}},"_links":{"self":[{"href":"https:\/\/guldbajerklubben.dk\/index.php\/wp-json\/wp\/v2\/pages\/377","targetHints":{"allow":["GET"]}}],"collection":[{"href":"https:\/\/guldbajerklubben.dk\/index.php\/wp-json\/wp\/v2\/pages"}],"about":[{"href":"https:\/\/guldbajerklubben.dk\/index.php\/wp-json\/wp\/v2\/types\/page"}],"author":[{"embeddable":true,"href":"https:\/\/guldbajerklubben.dk\/index.php\/wp-json\/wp\/v2\/users\/1"}],"replies":[{"embeddable":true,"href":"https:\/\/guldbajerklubben.dk\/index.php\/wp-json\/wp\/v2\/comments?post=377"}],"version-history":[{"count":2,"href":"https:\/\/guldbajerklubben.dk\/index.php\/wp-json\/wp\/v2\/pages\/377\/revisions"}],"predecessor-version":[{"id":380,"href":"https:\/\/guldbajerklubben.dk\/index.php\/wp-json\/wp\/v2\/pages\/377\/revisions\/380"}],"wp:attachment":[{"href":"https:\/\/guldbajerklubben.dk\/index.php\/wp-json\/wp\/v2\/media?parent=377"}],"curies":[{"name":"wp","href":"https:\/\/api.w.org\/{rel}","templated":true}]}}