{"id":95,"date":"2024-06-02T11:25:36","date_gmt":"2024-06-02T11:25:36","guid":{"rendered":"https:\/\/guldbajerklubben.dk\/?page_id=95"},"modified":"2024-10-08T21:28:27","modified_gmt":"2024-10-08T20:28:27","slug":"knejpe","status":"publish","type":"page","link":"https:\/\/guldbajerklubben.dk\/index.php\/knejpe\/","title":{"rendered":"Knejpe"},"content":{"rendered":"\t\t<div data-elementor-type=\"wp-page\" data-elementor-id=\"95\" class=\"elementor elementor-95\">\n\t\t\t\t<div class=\"elementor-element elementor-element-fbebeed e-con-full e-flex e-con e-parent\" data-id=\"fbebeed\" data-element_type=\"container\" data-e-type=\"container\">\n\t\t\t\t<div class=\"elementor-element elementor-element-0867359 elementor-widget elementor-widget-heading\" data-id=\"0867359\" data-element_type=\"widget\" data-e-type=\"widget\" data-widget_type=\"heading.default\">\n\t\t\t\t<div class=\"elementor-widget-container\">\n\t\t\t\t\t<h2 class=\"elementor-heading-title elementor-size-default\">Knejpe<\/h2>\t\t\t\t<\/div>\n\t\t\t\t<\/div>\n\t\t\t\t<div class=\"elementor-element elementor-element-80dc896 elementor-widget elementor-widget-text-editor\" data-id=\"80dc896\" data-element_type=\"widget\" data-e-type=\"widget\" data-widget_type=\"text-editor.default\">\n\t\t\t\t<div class=\"elementor-widget-container\">\n\t\t\t\t\t\t\t\t\t<h4><em>&#8220;Et sted hvor \u00f8lkrusene altid er fyldte, og nye minder skabes hver aften&#8221;<\/em><\/h4>\t\t\t\t\t\t\t\t<\/div>\n\t\t\t\t<\/div>\n\t\t\t\t<\/div>\n\t\t<div class=\"elementor-element elementor-element-19582f3 e-flex e-con-boxed e-con e-parent\" data-id=\"19582f3\" data-element_type=\"container\" data-e-type=\"container\">\n\t\t\t\t\t<div class=\"e-con-inner\">\n\t\t\t\t<div class=\"elementor-element elementor-element-430f2b9 elementor-widget__width-initial elementor-widget elementor-widget-text-editor\" data-id=\"430f2b9\" data-element_type=\"widget\" data-e-type=\"widget\" data-widget_type=\"text-editor.default\">\n\t\t\t\t<div class=\"elementor-widget-container\">\n\t\t\t\t\t\t\t\t\t<h3>En rigtig v\u00e6rtshus, som den mange dr\u00f8mmer om, er en hjertevarm og indbydende oase, hvor sammenhold og f\u00e6llesskab st\u00e5r i centrum. Det er et sted, hvor tiden synes at st\u00e5 stille, og hverdagens stress og jag fordamper ved d\u00f8rt\u00e6rsklen.<\/h3><h3>Forestil dig en knejpe, der emmer af stemning som en rigtig v\u00e6rtshus. Her er samlingsstedet for Guldbajerklubben, hvor sammenhold og f\u00e6llesskab er i h\u00f8js\u00e6det. V\u00e6ggene er prydet med billeder og \u00a0mindev\u00e6rdige h\u00e6ndelser fra knejpes lange historie, som fort\u00e6ller historier om generationer af g\u00e6ster, der har nydt stedet f\u00f8r dig.\u00a0<\/h3><h3>Den hjemmelavet m\u00f8rke bar, med skinnede \u00f8lkrus h\u00e6ngende fra loftet og flasker med sprut og hjemmelavet st\u00e6rke sager som Misse, st\u00e5r klar til at servere. Rummets varme og d\u00e6mpede belysning skaber en hyggelig atmosf\u00e6re.<\/h3><h3>Omkring baren sidder medlemmerne af Guldbajerklubben, og latteren fylder lokalet med en smittende gl\u00e6de. Den m\u00f8rke bar b\u00e6rer pr\u00e6g af utallige sammenkomster og m\u00f8der afholdt af klubben. R\u00f8gen fra cigaretterne h\u00e6nger tungt i Knejpe og giver en autentisk, nostalgisk duft. Knejpe er prydet med artefakter og souvenirs, som Tomme har skaffet gennem \u00e5rene, hvilket giver stedet en unik og personlig karakter.<\/h3><h3>Tomme, hilser p\u00e5 alle med et smil og skaber en f\u00f8lelse af tilh\u00f8rsforhold og varme. Knejpe er et hjemligt samlingspunkt, hvor nye venskaber opst\u00e5r, minder skabes, og f\u00e6llesskabet styrkes gennem samtale, latter, dartspil og f\u00e6lles oplevelser.<\/h3>\t\t\t\t\t\t\t\t<\/div>\n\t\t\t\t<\/div>\n\t\t\t\t\t<\/div>\n\t\t\t\t<\/div>\n\t\t<div class=\"elementor-element elementor-element-8ddf5d2 e-flex e-con-boxed e-con e-parent\" data-id=\"8ddf5d2\" data-element_type=\"container\" data-e-type=\"container\">\n\t\t\t\t\t<div class=\"e-con-inner\">\n\t\t\t\t<div class=\"elementor-element elementor-element-b855ba9 elementor-widget elementor-widget-video\" data-id=\"b855ba9\" data-element_type=\"widget\" data-e-type=\"widget\" data-settings=\"{&quot;video_type&quot;:&quot;hosted&quot;,&quot;mute&quot;:&quot;yes&quot;,&quot;autoplay&quot;:&quot;yes&quot;,&quot;loop&quot;:&quot;yes&quot;,&quot;controls&quot;:&quot;yes&quot;}\" data-widget_type=\"video.default\">\n\t\t\t\t<div class=\"elementor-widget-container\">\n\t\t\t\t\t\t\t<div class=\"e-hosted-video elementor-wrapper elementor-open-inline\">\n\t\t\t\t\t<video class=\"elementor-video\" src=\"https:\/\/guldbajerklubben.dk\/wp-content\/uploads\/2024\/06\/Video.mov\" autoplay=\"\" loop=\"\" controls=\"\" muted=\"muted\" poster=\"https:\/\/guldbajerklubben.dk\/wp-content\/uploads\/2024\/06\/GuldLogo.png\"><\/video>\n\t\t\t\t<\/div>\n\t\t\t\t\t\t<\/div>\n\t\t\t\t<\/div>\n\t\t\t\t\t<\/div>\n\t\t\t\t<\/div>\n\t\t<div class=\"elementor-element elementor-element-6af400e e-flex e-con-boxed e-con e-parent\" data-id=\"6af400e\" data-element_type=\"container\" data-e-type=\"container\">\n\t\t\t\t\t<div class=\"e-con-inner\">\n\t\t\t\t<div class=\"elementor-element elementor-element-25a3b66 elementor-widget elementor-widget-spacer\" data-id=\"25a3b66\" data-element_type=\"widget\" data-e-type=\"widget\" data-widget_type=\"spacer.default\">\n\t\t\t\t<div class=\"elementor-widget-container\">\n\t\t\t\t\t\t\t<div class=\"elementor-spacer\">\n\t\t\t<div class=\"elementor-spacer-inner\"><\/div>\n\t\t<\/div>\n\t\t\t\t\t\t<\/div>\n\t\t\t\t<\/div>\n\t\t\t\t\t<\/div>\n\t\t\t\t<\/div>\n\t\t<div class=\"elementor-element elementor-element-519f8aa e-flex e-con-boxed e-con e-parent\" data-id=\"519f8aa\" data-element_type=\"container\" data-e-type=\"container\">\n\t\t\t\t\t<div class=\"e-con-inner\">\n\t\t\t\t<div class=\"elementor-element elementor-element-e09f099 elementor-widget elementor-widget-text-editor\" data-id=\"e09f099\" data-element_type=\"widget\" data-e-type=\"widget\" data-widget_type=\"text-editor.default\">\n\t\t\t\t<div class=\"elementor-widget-container\">\n\t\t\t\t\t\t\t\t\t<h3 class=\"p1\">&#8220;Misse&#8221;, brygget med noget af den st\u00e6rkeste chili, du nogensinde vil st\u00f8de p\u00e5.<\/h3><h3 class=\"p1\">N\u00e5r du tager din f\u00f8rste slurk, f\u00f8les det som en flammende inferno, der br\u00e6nder sin vej ned gennem maven, og forts\u00e6tter hele vejen ned til ende\u00e5bningen. Det er som om, &#8220;Misse&#8221; \u2013 katten fra helvede \u2013 vrisser af dig og efterlader et varigt indtryk.<\/h3><h3 class=\"p1\">Denne unikke drik er indkapslet i en flaske, der er formet som en kat, hvilket kun forst\u00e6rker den brutale oplevelse af at drikke dette flydende fyrv\u00e6rkeri. Er du klar til at m\u00f8de &#8220;Misse&#8221;?<\/h3>\t\t\t\t\t\t\t\t<\/div>\n\t\t\t\t<\/div>\n\t\t\t\t\t<\/div>\n\t\t\t\t<\/div>\n\t\t<div class=\"elementor-element elementor-element-196398e e-flex e-con-boxed e-con e-parent\" data-id=\"196398e\" data-element_type=\"container\" data-e-type=\"container\">\n\t\t\t\t\t<div class=\"e-con-inner\">\n\t\t\t\t<div class=\"elementor-element elementor-element-4b19af4 elementor-widget elementor-widget-image\" data-id=\"4b19af4\" data-element_type=\"widget\" data-e-type=\"widget\" data-widget_type=\"image.default\">\n\t\t\t\t<div class=\"elementor-widget-container\">\n\t\t\t\t\t\t\t\t\t\t\t\t<figure class=\"wp-caption\">\n\t\t\t\t\t\t\t\t\t\t<img  title=\"\" fetchpriority=\"high\" decoding=\"async\" width=\"480\" height=\"640\" src=\"https:\/\/guldbajerklubben.dk\/wp-content\/uploads\/2024\/10\/thumbnail_image1-rotated.jpeg\" class=\"attachment-large size-large wp-image-1719\"  alt=\"thumbnail_image1-rotated Knejpe\"  srcset=\"https:\/\/guldbajerklubben.dk\/wp-content\/uploads\/2024\/10\/thumbnail_image1-rotated.jpeg 480w, https:\/\/guldbajerklubben.dk\/wp-content\/uploads\/2024\/10\/thumbnail_image1-225x300.jpeg 225w\" sizes=\"(max-width: 480px) 100vw, 480px\" \/>\t\t\t\t\t\t\t\t\t\t\t<figcaption class=\"widget-image-caption wp-caption-text\">Misse<\/figcaption>\n\t\t\t\t\t\t\t\t\t\t<\/figure>\n\t\t\t\t\t\t\t\t\t<\/div>\n\t\t\t\t<\/div>\n\t\t\t\t<div class=\"elementor-element elementor-element-61a5637 elementor-widget elementor-widget-spacer\" data-id=\"61a5637\" data-element_type=\"widget\" data-e-type=\"widget\" data-widget_type=\"spacer.default\">\n\t\t\t\t<div class=\"elementor-widget-container\">\n\t\t\t\t\t\t\t<div class=\"elementor-spacer\">\n\t\t\t<div class=\"elementor-spacer-inner\"><\/div>\n\t\t<\/div>\n\t\t\t\t\t\t<\/div>\n\t\t\t\t<\/div>\n\t\t\t\t\t<\/div>\n\t\t\t\t<\/div>\n\t\t\t\t<\/div>\n\t\t<div class=\"kodex_buttons\" style=\"text-align:left;\"><button type=\"button\" class=\"kodex_button kodex_like_button\" data-id=\"95\" data-action=\"like\">\r\n\t\t\t<span class=\"icon\"><\/span><span class=\"text\">Like<\/span><span class=\"counter\">3<\/span><\/button><input type=\"hidden\" id=\"nonce\" name=\"nonce\" value=\"1693a0c54c\" \/><input type=\"hidden\" name=\"_wp_http_referer\" value=\"\/index.php\/wp-json\/wp\/v2\/pages\/95\" \/><\/div>","protected":false},"excerpt":{"rendered":"<p>Knejpe &#8220;Et sted hvor \u00f8lkrusene altid er fyldte, og nye minder skabes hver aften&#8221; En rigtig v\u00e6rtshus, som den mange dr\u00f8mmer om, er en hjertevarm og indbydende oase, hvor sammenhold og f\u00e6llesskab st\u00e5r i centrum. Det er et sted, hvor tiden synes at st\u00e5 stille, og hverdagens stress og jag fordamper ved d\u00f8rt\u00e6rsklen. Forestil dig [&hellip;]<\/p>\n","protected":false},"author":1,"featured_media":0,"parent":0,"menu_order":0,"comment_status":"closed","ping_status":"closed","template":"template-fullwidth.php","meta":{"footnotes":""},"class_list":["post-95","page","type-page","status-publish","hentry"],"yoast_head":"<!-- This site is optimized with the Yoast SEO plugin v27.3 - https:\/\/yoast.com\/product\/yoast-seo-wordpress\/ -->\n<title>Knejpe - GuldbajerKlub<\/title>\n<meta name=\"robots\" content=\"index, follow, max-snippet:-1, max-image-preview:large, max-video-preview:-1\" \/>\n<link rel=\"canonical\" href=\"https:\/\/guldbajerklubben.dk\/index.php\/knejpe\/\" \/>\n<meta property=\"og:locale\" content=\"da_DK\" \/>\n<meta property=\"og:type\" content=\"article\" \/>\n<meta property=\"og:title\" content=\"Knejpe - GuldbajerKlub\" \/>\n<meta property=\"og:description\" content=\"Knejpe &#8220;Et sted hvor \u00f8lkrusene altid er fyldte, og nye minder skabes hver aften&#8221; En rigtig v\u00e6rtshus, som den mange dr\u00f8mmer om, er en hjertevarm og indbydende oase, hvor sammenhold og f\u00e6llesskab st\u00e5r i centrum. Det er et sted, hvor tiden synes at st\u00e5 stille, og hverdagens stress og jag fordamper ved d\u00f8rt\u00e6rsklen. Forestil dig [&hellip;]\" \/>\n<meta property=\"og:url\" content=\"https:\/\/guldbajerklubben.dk\/index.php\/knejpe\/\" \/>\n<meta property=\"og:site_name\" content=\"GuldbajerKlub\" \/>\n<meta property=\"article:modified_time\" content=\"2024-10-08T20:28:27+00:00\" \/>\n<meta property=\"og:image\" content=\"https:\/\/guldbajerklubben.dk\/wp-content\/uploads\/2024\/10\/thumbnail_image1-rotated.jpeg\" \/>\n\t<meta property=\"og:image:width\" content=\"480\" \/>\n\t<meta property=\"og:image:height\" content=\"640\" \/>\n\t<meta property=\"og:image:type\" content=\"image\/jpeg\" \/>\n<meta name=\"twitter:card\" content=\"summary_large_image\" \/>\n<meta name=\"twitter:label1\" content=\"Estimeret l\u00e6setid\" \/>\n\t<meta name=\"twitter:data1\" content=\"2 minutter\" \/>\n<script type=\"application\/ld+json\" class=\"yoast-schema-graph\">{\"@context\":\"https:\\\/\\\/schema.org\",\"@graph\":[{\"@type\":\"WebPage\",\"@id\":\"https:\\\/\\\/guldbajerklubben.dk\\\/index.php\\\/knejpe\\\/\",\"url\":\"https:\\\/\\\/guldbajerklubben.dk\\\/index.php\\\/knejpe\\\/\",\"name\":\"Knejpe - GuldbajerKlub\",\"isPartOf\":{\"@id\":\"https:\\\/\\\/guldbajerklubben.dk\\\/#website\"},\"primaryImageOfPage\":{\"@id\":\"https:\\\/\\\/guldbajerklubben.dk\\\/index.php\\\/knejpe\\\/#primaryimage\"},\"image\":{\"@id\":\"https:\\\/\\\/guldbajerklubben.dk\\\/index.php\\\/knejpe\\\/#primaryimage\"},\"thumbnailUrl\":\"https:\\\/\\\/guldbajerklubben.dk\\\/wp-content\\\/uploads\\\/2024\\\/10\\\/thumbnail_image1-rotated.jpeg\",\"datePublished\":\"2024-06-02T11:25:36+00:00\",\"dateModified\":\"2024-10-08T20:28:27+00:00\",\"breadcrumb\":{\"@id\":\"https:\\\/\\\/guldbajerklubben.dk\\\/index.php\\\/knejpe\\\/#breadcrumb\"},\"inLanguage\":\"da-DK\",\"potentialAction\":[{\"@type\":\"ReadAction\",\"target\":[\"https:\\\/\\\/guldbajerklubben.dk\\\/index.php\\\/knejpe\\\/\"]}]},{\"@type\":\"ImageObject\",\"inLanguage\":\"da-DK\",\"@id\":\"https:\\\/\\\/guldbajerklubben.dk\\\/index.php\\\/knejpe\\\/#primaryimage\",\"url\":\"https:\\\/\\\/guldbajerklubben.dk\\\/wp-content\\\/uploads\\\/2024\\\/10\\\/thumbnail_image1-rotated.jpeg\",\"contentUrl\":\"https:\\\/\\\/guldbajerklubben.dk\\\/wp-content\\\/uploads\\\/2024\\\/10\\\/thumbnail_image1-rotated.jpeg\",\"width\":480,\"height\":640},{\"@type\":\"BreadcrumbList\",\"@id\":\"https:\\\/\\\/guldbajerklubben.dk\\\/index.php\\\/knejpe\\\/#breadcrumb\",\"itemListElement\":[{\"@type\":\"ListItem\",\"position\":1,\"name\":\"Hjem\",\"item\":\"https:\\\/\\\/guldbajerklubben.dk\\\/\"},{\"@type\":\"ListItem\",\"position\":2,\"name\":\"Knejpe\"}]},{\"@type\":\"WebSite\",\"@id\":\"https:\\\/\\\/guldbajerklubben.dk\\\/#website\",\"url\":\"https:\\\/\\\/guldbajerklubben.dk\\\/\",\"name\":\"Guldbajerklubben\",\"description\":\"\",\"publisher\":{\"@id\":\"https:\\\/\\\/guldbajerklubben.dk\\\/#organization\"},\"potentialAction\":[{\"@type\":\"SearchAction\",\"target\":{\"@type\":\"EntryPoint\",\"urlTemplate\":\"https:\\\/\\\/guldbajerklubben.dk\\\/?s={search_term_string}\"},\"query-input\":{\"@type\":\"PropertyValueSpecification\",\"valueRequired\":true,\"valueName\":\"search_term_string\"}}],\"inLanguage\":\"da-DK\"},{\"@type\":\"Organization\",\"@id\":\"https:\\\/\\\/guldbajerklubben.dk\\\/#organization\",\"name\":\"Guldbajerklubben\",\"url\":\"https:\\\/\\\/guldbajerklubben.dk\\\/\",\"logo\":{\"@type\":\"ImageObject\",\"inLanguage\":\"da-DK\",\"@id\":\"https:\\\/\\\/guldbajerklubben.dk\\\/#\\\/schema\\\/logo\\\/image\\\/\",\"url\":\"https:\\\/\\\/guldbajerklubben.dk\\\/wp-content\\\/uploads\\\/2024\\\/06\\\/GuldLogo.png\",\"contentUrl\":\"https:\\\/\\\/guldbajerklubben.dk\\\/wp-content\\\/uploads\\\/2024\\\/06\\\/GuldLogo.png\",\"width\":535,\"height\":243,\"caption\":\"Guldbajerklubben\"},\"image\":{\"@id\":\"https:\\\/\\\/guldbajerklubben.dk\\\/#\\\/schema\\\/logo\\\/image\\\/\"}}]}<\/script>\n<!-- \/ Yoast SEO plugin. -->","yoast_head_json":{"title":"Knejpe - GuldbajerKlub","robots":{"index":"index","follow":"follow","max-snippet":"max-snippet:-1","max-image-preview":"max-image-preview:large","max-video-preview":"max-video-preview:-1"},"canonical":"https:\/\/guldbajerklubben.dk\/index.php\/knejpe\/","og_locale":"da_DK","og_type":"article","og_title":"Knejpe - GuldbajerKlub","og_description":"Knejpe &#8220;Et sted hvor \u00f8lkrusene altid er fyldte, og nye minder skabes hver aften&#8221; En rigtig v\u00e6rtshus, som den mange dr\u00f8mmer om, er en hjertevarm og indbydende oase, hvor sammenhold og f\u00e6llesskab st\u00e5r i centrum. Det er et sted, hvor tiden synes at st\u00e5 stille, og hverdagens stress og jag fordamper ved d\u00f8rt\u00e6rsklen. Forestil dig [&hellip;]","og_url":"https:\/\/guldbajerklubben.dk\/index.php\/knejpe\/","og_site_name":"GuldbajerKlub","article_modified_time":"2024-10-08T20:28:27+00:00","og_image":[{"width":480,"height":640,"url":"https:\/\/guldbajerklubben.dk\/wp-content\/uploads\/2024\/10\/thumbnail_image1-rotated.jpeg","type":"image\/jpeg"}],"twitter_card":"summary_large_image","twitter_misc":{"Estimeret l\u00e6setid":"2 minutter"},"schema":{"@context":"https:\/\/schema.org","@graph":[{"@type":"WebPage","@id":"https:\/\/guldbajerklubben.dk\/index.php\/knejpe\/","url":"https:\/\/guldbajerklubben.dk\/index.php\/knejpe\/","name":"Knejpe - GuldbajerKlub","isPartOf":{"@id":"https:\/\/guldbajerklubben.dk\/#website"},"primaryImageOfPage":{"@id":"https:\/\/guldbajerklubben.dk\/index.php\/knejpe\/#primaryimage"},"image":{"@id":"https:\/\/guldbajerklubben.dk\/index.php\/knejpe\/#primaryimage"},"thumbnailUrl":"https:\/\/guldbajerklubben.dk\/wp-content\/uploads\/2024\/10\/thumbnail_image1-rotated.jpeg","datePublished":"2024-06-02T11:25:36+00:00","dateModified":"2024-10-08T20:28:27+00:00","breadcrumb":{"@id":"https:\/\/guldbajerklubben.dk\/index.php\/knejpe\/#breadcrumb"},"inLanguage":"da-DK","potentialAction":[{"@type":"ReadAction","target":["https:\/\/guldbajerklubben.dk\/index.php\/knejpe\/"]}]},{"@type":"ImageObject","inLanguage":"da-DK","@id":"https:\/\/guldbajerklubben.dk\/index.php\/knejpe\/#primaryimage","url":"https:\/\/guldbajerklubben.dk\/wp-content\/uploads\/2024\/10\/thumbnail_image1-rotated.jpeg","contentUrl":"https:\/\/guldbajerklubben.dk\/wp-content\/uploads\/2024\/10\/thumbnail_image1-rotated.jpeg","width":480,"height":640},{"@type":"BreadcrumbList","@id":"https:\/\/guldbajerklubben.dk\/index.php\/knejpe\/#breadcrumb","itemListElement":[{"@type":"ListItem","position":1,"name":"Hjem","item":"https:\/\/guldbajerklubben.dk\/"},{"@type":"ListItem","position":2,"name":"Knejpe"}]},{"@type":"WebSite","@id":"https:\/\/guldbajerklubben.dk\/#website","url":"https:\/\/guldbajerklubben.dk\/","name":"Guldbajerklubben","description":"","publisher":{"@id":"https:\/\/guldbajerklubben.dk\/#organization"},"potentialAction":[{"@type":"SearchAction","target":{"@type":"EntryPoint","urlTemplate":"https:\/\/guldbajerklubben.dk\/?s={search_term_string}"},"query-input":{"@type":"PropertyValueSpecification","valueRequired":true,"valueName":"search_term_string"}}],"inLanguage":"da-DK"},{"@type":"Organization","@id":"https:\/\/guldbajerklubben.dk\/#organization","name":"Guldbajerklubben","url":"https:\/\/guldbajerklubben.dk\/","logo":{"@type":"ImageObject","inLanguage":"da-DK","@id":"https:\/\/guldbajerklubben.dk\/#\/schema\/logo\/image\/","url":"https:\/\/guldbajerklubben.dk\/wp-content\/uploads\/2024\/06\/GuldLogo.png","contentUrl":"https:\/\/guldbajerklubben.dk\/wp-content\/uploads\/2024\/06\/GuldLogo.png","width":535,"height":243,"caption":"Guldbajerklubben"},"image":{"@id":"https:\/\/guldbajerklubben.dk\/#\/schema\/logo\/image\/"}}]}},"_links":{"self":[{"href":"https:\/\/guldbajerklubben.dk\/index.php\/wp-json\/wp\/v2\/pages\/95","targetHints":{"allow":["GET"]}}],"collection":[{"href":"https:\/\/guldbajerklubben.dk\/index.php\/wp-json\/wp\/v2\/pages"}],"about":[{"href":"https:\/\/guldbajerklubben.dk\/index.php\/wp-json\/wp\/v2\/types\/page"}],"author":[{"embeddable":true,"href":"https:\/\/guldbajerklubben.dk\/index.php\/wp-json\/wp\/v2\/users\/1"}],"replies":[{"embeddable":true,"href":"https:\/\/guldbajerklubben.dk\/index.php\/wp-json\/wp\/v2\/comments?post=95"}],"version-history":[{"count":46,"href":"https:\/\/guldbajerklubben.dk\/index.php\/wp-json\/wp\/v2\/pages\/95\/revisions"}],"predecessor-version":[{"id":1733,"href":"https:\/\/guldbajerklubben.dk\/index.php\/wp-json\/wp\/v2\/pages\/95\/revisions\/1733"}],"wp:attachment":[{"href":"https:\/\/guldbajerklubben.dk\/index.php\/wp-json\/wp\/v2\/media?parent=95"}],"curies":[{"name":"wp","href":"https:\/\/api.w.org\/{rel}","templated":true}]}}